{"id":690178,"date":"2024-10-14T15:37:36","date_gmt":"2024-10-14T13:37:36","guid":{"rendered":"https:\/\/streetmarkets.fr\/app\/produit\/pull-cardigan-h24-femme-ecru-100-cachemire\/"},"modified":"2025-01-20T01:12:36","modified_gmt":"2025-01-20T00:12:36","slug":"pull-cardigan-h24-femme-ecru-100-cachemire","status":"publish","type":"product","link":"https:\/\/streetmarkets.fr\/app\/produit\/pull-cardigan-h24-femme-ecru-100-cachemire\/","title":{"rendered":"Pull Cardigan (H24 \/ FEMME \/ Ecru \/ 100% Cachemire)"},"content":{"rendered":"<p>Une maille perl\u00e9e, douce et c\u00f4tel\u00e9e s&#8217;invite sur ce cardigan long et oversize. Confectionn\u00e9 en cachemire, il d\u00e9voile un d\u00e9collet\u00e9 en V, r\u00e9v\u00e9lent d&#8217;une fermeture boutonn\u00e9e dor\u00e9e sign\u00e9e &#8220;Future&#8221; et deux poches avant. Muni de manches longues et de bords c\u00f4tel\u00e9s, il se glisse sur une robe fluide ou une chemise structur\u00e9e.<\/p>\n<p>&#8211; Pull cardigan long en cachemire certifi\u00e9 GCS\u00ae Femme<br \/>\n<br \/>&#8211; Maille perl\u00e9e et c\u00f4tel\u00e9e<br \/>\n<br \/>&#8211; Col V<br \/>\n<br \/>&#8211; Fermeture \u00e0 boutons dor\u00e9s &#8220;Future&#8221;<br \/>\n<br \/>&#8211; 2 poches avant<br \/>\n<br \/>&#8211; Manches longues<br \/>\n<br \/>&#8211; Bords c\u00f4tel\u00e9s<br \/>\n<br \/>&#8211; Coupe oversize<br \/>\n<br \/>&#8211; Le Good Cashmere Standard\u00ae (GCS) est une norme ind\u00e9pendante pour un cachemire plus durable et plus responsable. Il vise \u00e0 am\u00e9liorer le bien-\u00eatre des ch\u00e8vres cachemire, les conditions de travail des \u00e9leveurs ainsi qu&#8217;\u00e0 prot\u00e9ger l&#8217;environnement.<br \/>&#8211; <u>Cachemire 6 fils<\/u> <\/p>\n","protected":false},"excerpt":{"rendered":"<p>Une maille perl\u00e9e, douce et c\u00f4tel\u00e9e s&#8217;invite sur ce cardigan long et oversize. Confectionn\u00e9 en cachemire, il d\u00e9voile un d\u00e9collet\u00e9 en V, r\u00e9v\u00e9lent d&#8217;une fermeture boutonn\u00e9e dor\u00e9e sign\u00e9e &#8220;Future&#8221; et deux poches avant. Muni de manches longues et de bords c\u00f4tel\u00e9s, il se glisse sur une robe fluide ou une chemise structur\u00e9e. &#8211; Pull cardigan [&hellip;]<\/p>\n","protected":false},"featured_media":690179,"comment_status":"open","ping_status":"closed","template":"","meta":[],"product_brand":[6868],"product_cat":[1756,1762],"product_tag":[2244],"acf":[],"_links":{"self":[{"href":"https:\/\/streetmarkets.fr\/app\/wp-json\/wp\/v2\/product\/690178"}],"collection":[{"href":"https:\/\/streetmarkets.fr\/app\/wp-json\/wp\/v2\/product"}],"about":[{"href":"https:\/\/streetmarkets.fr\/app\/wp-json\/wp\/v2\/types\/product"}],"replies":[{"embeddable":true,"href":"https:\/\/streetmarkets.fr\/app\/wp-json\/wp\/v2\/comments?post=690178"}],"wp:featuredmedia":[{"embeddable":true,"href":"https:\/\/streetmarkets.fr\/app\/wp-json\/wp\/v2\/media\/690179"}],"wp:attachment":[{"href":"https:\/\/streetmarkets.fr\/app\/wp-json\/wp\/v2\/media?parent=690178"}],"wp:term":[{"taxonomy":"product_brand","embeddable":true,"href":"https:\/\/streetmarkets.fr\/app\/wp-json\/wp\/v2\/product_brand?post=690178"},{"taxonomy":"product_cat","embeddable":true,"href":"https:\/\/streetmarkets.fr\/app\/wp-json\/wp\/v2\/product_cat?post=690178"},{"taxonomy":"product_tag","embeddable":true,"href":"https:\/\/streetmarkets.fr\/app\/wp-json\/wp\/v2\/product_tag?post=690178"}],"curies":[{"name":"wp","href":"https:\/\/api.w.org\/{rel}","templated":true}]}}