{"id":690167,"date":"2024-10-14T15:37:36","date_gmt":"2024-10-14T13:37:36","guid":{"rendered":"https:\/\/streetmarkets.fr\/app\/produit\/pull-hoodie-liserets-contrastes-leger-h24-homme-noir\/"},"modified":"2025-01-16T01:05:50","modified_gmt":"2025-01-16T00:05:50","slug":"pull-hoodie-liserets-contrastes-leger-h24-homme-noir","status":"publish","type":"product","link":"https:\/\/streetmarkets.fr\/app\/produit\/pull-hoodie-liserets-contrastes-leger-h24-homme-noir\/","title":{"rendered":"Pull Hoodie Liserets Contrastes L\u00e9ger (H24 \/ HOMME \/ Noir)"},"content":{"rendered":"<p>L&#8217;incontournable pull hoodie se r\u00e9invente cette saison orn\u00e9 de liser\u00e9s contrast\u00e9s. Confectionn\u00e9 en cachemire, il d\u00e9voile une capuche \u00e0 cordons, des manches longues et des bords c\u00f4tel\u00e9s. Oversize et structur\u00e9, associez-le \u00e0 un t-shirt et un jean.<\/p>\n<p>&#8211; Pull hoodie en cachemire certifi\u00e9 GCS\u00ae Homme<br \/>\n<br \/>&#8211; Liser\u00e9s contrast\u00e9s<br \/>\n<br \/>&#8211; Capuche \u00e0 cordons<br \/>\n<br \/>&#8211; Manches longues<br \/>\n<br \/>&#8211; Bords c\u00f4tel\u00e9s<br \/>\n<br \/>&#8211; Coupe oversize<br \/>\n<br \/>&#8211; Le Good Cashmere Standard\u00ae (GCS) est une norme ind\u00e9pendante pour un cachemire plus durable et plus responsable. Il vise \u00e0 am\u00e9liorer le bien-\u00eatre des ch\u00e8vres cachemire, les conditions de travail des \u00e9leveurs ainsi qu&#8217;\u00e0 prot\u00e9ger l&#8217;environnement.<br \/>&#8211; <u>Cachemire 2 fils<\/u> <\/p>\n","protected":false},"excerpt":{"rendered":"<p>L&#8217;incontournable pull hoodie se r\u00e9invente cette saison orn\u00e9 de liser\u00e9s contrast\u00e9s. Confectionn\u00e9 en cachemire, il d\u00e9voile une capuche \u00e0 cordons, des manches longues et des bords c\u00f4tel\u00e9s. Oversize et structur\u00e9, associez-le \u00e0 un t-shirt et un jean. &#8211; Pull hoodie en cachemire certifi\u00e9 GCS\u00ae Homme &#8211; Liser\u00e9s contrast\u00e9s &#8211; Capuche \u00e0 cordons &#8211; Manches longues [&hellip;]<\/p>\n","protected":false},"featured_media":690168,"comment_status":"open","ping_status":"closed","template":"","meta":[],"product_brand":[6868],"product_cat":[1756,1758],"product_tag":[2244],"acf":[],"_links":{"self":[{"href":"https:\/\/streetmarkets.fr\/app\/wp-json\/wp\/v2\/product\/690167"}],"collection":[{"href":"https:\/\/streetmarkets.fr\/app\/wp-json\/wp\/v2\/product"}],"about":[{"href":"https:\/\/streetmarkets.fr\/app\/wp-json\/wp\/v2\/types\/product"}],"replies":[{"embeddable":true,"href":"https:\/\/streetmarkets.fr\/app\/wp-json\/wp\/v2\/comments?post=690167"}],"wp:featuredmedia":[{"embeddable":true,"href":"https:\/\/streetmarkets.fr\/app\/wp-json\/wp\/v2\/media\/690168"}],"wp:attachment":[{"href":"https:\/\/streetmarkets.fr\/app\/wp-json\/wp\/v2\/media?parent=690167"}],"wp:term":[{"taxonomy":"product_brand","embeddable":true,"href":"https:\/\/streetmarkets.fr\/app\/wp-json\/wp\/v2\/product_brand?post=690167"},{"taxonomy":"product_cat","embeddable":true,"href":"https:\/\/streetmarkets.fr\/app\/wp-json\/wp\/v2\/product_cat?post=690167"},{"taxonomy":"product_tag","embeddable":true,"href":"https:\/\/streetmarkets.fr\/app\/wp-json\/wp\/v2\/product_tag?post=690167"}],"curies":[{"name":"wp","href":"https:\/\/api.w.org\/{rel}","templated":true}]}}