{"id":690155,"date":"2024-10-14T15:37:35","date_gmt":"2024-10-14T13:37:35","guid":{"rendered":"https:\/\/streetmarkets.fr\/app\/produit\/pull-col-montant-bandes-h24-femme-mountain-green-100-cachemire\/"},"modified":"2025-03-10T01:06:29","modified_gmt":"2025-03-10T00:06:29","slug":"pull-col-montant-bandes-h24-femme-mountain-green-100-cachemire","status":"publish","type":"product","link":"https:\/\/streetmarkets.fr\/app\/produit\/pull-col-montant-bandes-h24-femme-mountain-green-100-cachemire\/","title":{"rendered":"Pull Col Montant Bandes (H24 \/ FEMME \/ Mountain Green \/ 100% Cachemire)"},"content":{"rendered":"<p>Ce pull oversize en cachemire se twiste d&#8217;un jeu de contrastes et de bandes bicolores. Muni d&#8217;un col montant, de manches longues et de bords c\u00f4tel\u00e9s, il conf\u00e8re une silhouette structur\u00e9e avec audace. <\/p>\n<p>&#8211; Pull en cachemire certifi\u00e9 GCS\u00ae Femme<br \/>\n<br \/>&#8211; Bandes contrast\u00e9es<br \/>\n<br \/>&#8211; Col montant<br \/>\n<br \/>&#8211; Manches longues<br \/>\n<br \/>&#8211; Bords c\u00f4tel\u00e9s<br \/>\n<br \/>&#8211; Coupe oversize<br \/>\n<br \/>&#8211; Le Good Cashmere Standard\u00ae (GCS) est une norme ind\u00e9pendante pour un cachemire plus durable et plus responsable. Il vise \u00e0 am\u00e9liorer le bien-\u00eatre des ch\u00e8vres cachemire, les conditions de travail des \u00e9leveurs ainsi qu&#8217;\u00e0 prot\u00e9ger l&#8217;environnement.<br \/>&#8211; <u>Cachemire 2 fils<\/u> <\/p>\n","protected":false},"excerpt":{"rendered":"<p>Ce pull oversize en cachemire se twiste d&#8217;un jeu de contrastes et de bandes bicolores. Muni d&#8217;un col montant, de manches longues et de bords c\u00f4tel\u00e9s, il conf\u00e8re une silhouette structur\u00e9e avec audace. &#8211; Pull en cachemire certifi\u00e9 GCS\u00ae Femme &#8211; Bandes contrast\u00e9es &#8211; Col montant &#8211; Manches longues &#8211; Bords c\u00f4tel\u00e9s &#8211; Coupe oversize [&hellip;]<\/p>\n","protected":false},"featured_media":690156,"comment_status":"open","ping_status":"closed","template":"","meta":[],"product_brand":[6868],"product_cat":[1756,1762],"product_tag":[2244],"acf":[],"_links":{"self":[{"href":"https:\/\/streetmarkets.fr\/app\/wp-json\/wp\/v2\/product\/690155"}],"collection":[{"href":"https:\/\/streetmarkets.fr\/app\/wp-json\/wp\/v2\/product"}],"about":[{"href":"https:\/\/streetmarkets.fr\/app\/wp-json\/wp\/v2\/types\/product"}],"replies":[{"embeddable":true,"href":"https:\/\/streetmarkets.fr\/app\/wp-json\/wp\/v2\/comments?post=690155"}],"wp:featuredmedia":[{"embeddable":true,"href":"https:\/\/streetmarkets.fr\/app\/wp-json\/wp\/v2\/media\/690156"}],"wp:attachment":[{"href":"https:\/\/streetmarkets.fr\/app\/wp-json\/wp\/v2\/media?parent=690155"}],"wp:term":[{"taxonomy":"product_brand","embeddable":true,"href":"https:\/\/streetmarkets.fr\/app\/wp-json\/wp\/v2\/product_brand?post=690155"},{"taxonomy":"product_cat","embeddable":true,"href":"https:\/\/streetmarkets.fr\/app\/wp-json\/wp\/v2\/product_cat?post=690155"},{"taxonomy":"product_tag","embeddable":true,"href":"https:\/\/streetmarkets.fr\/app\/wp-json\/wp\/v2\/product_tag?post=690155"}],"curies":[{"name":"wp","href":"https:\/\/api.w.org\/{rel}","templated":true}]}}