{"id":690132,"date":"2024-10-14T15:37:08","date_gmt":"2024-10-14T13:37:08","guid":{"rendered":"https:\/\/streetmarkets.fr\/app\/produit\/t-shirt-col-v-manches-longues-h24-femme-noir\/"},"modified":"2025-03-21T00:57:10","modified_gmt":"2025-03-20T23:57:10","slug":"t-shirt-col-v-manches-longues-h24-femme-noir","status":"publish","type":"product","link":"https:\/\/streetmarkets.fr\/app\/produit\/t-shirt-col-v-manches-longues-h24-femme-noir\/","title":{"rendered":"T-shirt Col V Manches Longues (H24 \/ FEMME \/ Noir)"},"content":{"rendered":"<p>Indispensable du vestiaire f\u00e9minin, ce t-shirt en coton se porte aussi bien seul qu&#8217;en superposition. Muni d&#8217;un col V et de manches longues, il conjugue confort et \u00e9l\u00e9gance pour compl\u00e9ter vos silhouettes au quotidien. Autorisant tous les styles, glissez-le sous une maille c\u00f4tel\u00e9e et associez-le \u00e0 un pantalon de tailleur.<\/p>\n<p>&#8211; T-shirt en coton Supima Femme<br \/>\n<br \/>&#8211; Col V<br \/>\n<br \/>&#8211; Manches longues<br \/>\n<br \/>&#8211; Finitions surpiq\u00fbres<br \/>\n<br \/>&#8211; Coupe regular<br \/>\n<br \/>&#8211; Fabriqu\u00e9 au Portugal<\/p>\n","protected":false},"excerpt":{"rendered":"<p>Indispensable du vestiaire f\u00e9minin, ce t-shirt en coton se porte aussi bien seul qu&#8217;en superposition. Muni d&#8217;un col V et de manches longues, il conjugue confort et \u00e9l\u00e9gance pour compl\u00e9ter vos silhouettes au quotidien. Autorisant tous les styles, glissez-le sous une maille c\u00f4tel\u00e9e et associez-le \u00e0 un pantalon de tailleur. &#8211; T-shirt en coton Supima [&hellip;]<\/p>\n","protected":false},"featured_media":690133,"comment_status":"open","ping_status":"closed","template":"","meta":[],"product_brand":[6868],"product_cat":[1756,1762],"product_tag":[2244],"acf":[],"_links":{"self":[{"href":"https:\/\/streetmarkets.fr\/app\/wp-json\/wp\/v2\/product\/690132"}],"collection":[{"href":"https:\/\/streetmarkets.fr\/app\/wp-json\/wp\/v2\/product"}],"about":[{"href":"https:\/\/streetmarkets.fr\/app\/wp-json\/wp\/v2\/types\/product"}],"replies":[{"embeddable":true,"href":"https:\/\/streetmarkets.fr\/app\/wp-json\/wp\/v2\/comments?post=690132"}],"wp:featuredmedia":[{"embeddable":true,"href":"https:\/\/streetmarkets.fr\/app\/wp-json\/wp\/v2\/media\/690133"}],"wp:attachment":[{"href":"https:\/\/streetmarkets.fr\/app\/wp-json\/wp\/v2\/media?parent=690132"}],"wp:term":[{"taxonomy":"product_brand","embeddable":true,"href":"https:\/\/streetmarkets.fr\/app\/wp-json\/wp\/v2\/product_brand?post=690132"},{"taxonomy":"product_cat","embeddable":true,"href":"https:\/\/streetmarkets.fr\/app\/wp-json\/wp\/v2\/product_cat?post=690132"},{"taxonomy":"product_tag","embeddable":true,"href":"https:\/\/streetmarkets.fr\/app\/wp-json\/wp\/v2\/product_tag?post=690132"}],"curies":[{"name":"wp","href":"https:\/\/api.w.org\/{rel}","templated":true}]}}