{"id":690088,"date":"2024-10-14T15:37:06","date_gmt":"2024-10-14T13:37:06","guid":{"rendered":"https:\/\/streetmarkets.fr\/app\/produit\/top-manches-courtes-ouvertures-et-broderies-h24-femme-navy-100-laine-merinos-rws\/"},"modified":"2025-01-27T01:02:25","modified_gmt":"2025-01-27T00:02:25","slug":"top-manches-courtes-ouvertures-et-broderies-h24-femme-navy-100-laine-merinos-rws","status":"publish","type":"product","link":"https:\/\/streetmarkets.fr\/app\/produit\/top-manches-courtes-ouvertures-et-broderies-h24-femme-navy-100-laine-merinos-rws\/","title":{"rendered":"Top Manches Courtes Ouvertures et Broderies (H24 \/ FEMME \/ Navy \/ 100% Laine M\u00e9rinos RWS)"},"content":{"rendered":"<p>Confectionn\u00e9 en 100% laine m\u00e9rinos certifi\u00e9e RWS (Responsible Wool Standard), ce top c\u00f4tel\u00e9 se pare d&#8217;un jeu de d\u00e9coupes et de broderies, r\u00e9v\u00e9lant subtilement la peau. Muni d&#8217;un col rond et de manches courtes, il s&#8217;associe \u00e0 une jupe fluide pour une allure chic et structur\u00e9e.<\/p>\n<p>&#8211; Top en laine m\u00e9rinos Femme<br \/>\n<br \/>&#8211; C\u00f4tel\u00e9<br \/>\n<br \/>&#8211; D\u00e9coupes et broderies<br \/>\n<br \/>&#8211; Col rond<br \/>\n<br \/>&#8211; Manches courtes<br \/>\n<br \/>&#8211; Bords c\u00f4tel\u00e9s<br \/>\n<br \/>&#8211; Coupe slim<br \/>\n<br \/>&#8211; Laine m\u00e9rinos : respirante et thermor\u00e9gulatrice, elle peut \u00eatre port\u00e9e \u00e9t\u00e9 comme hiver<\/p>\n","protected":false},"excerpt":{"rendered":"<p>Confectionn\u00e9 en 100% laine m\u00e9rinos certifi\u00e9e RWS (Responsible Wool Standard), ce top c\u00f4tel\u00e9 se pare d&#8217;un jeu de d\u00e9coupes et de broderies, r\u00e9v\u00e9lant subtilement la peau. Muni d&#8217;un col rond et de manches courtes, il s&#8217;associe \u00e0 une jupe fluide pour une allure chic et structur\u00e9e. &#8211; Top en laine m\u00e9rinos Femme &#8211; C\u00f4tel\u00e9 &#8211; [&hellip;]<\/p>\n","protected":false},"featured_media":690089,"comment_status":"open","ping_status":"closed","template":"","meta":[],"product_brand":[6868],"product_cat":[1756,1762],"product_tag":[2244],"acf":[],"_links":{"self":[{"href":"https:\/\/streetmarkets.fr\/app\/wp-json\/wp\/v2\/product\/690088"}],"collection":[{"href":"https:\/\/streetmarkets.fr\/app\/wp-json\/wp\/v2\/product"}],"about":[{"href":"https:\/\/streetmarkets.fr\/app\/wp-json\/wp\/v2\/types\/product"}],"replies":[{"embeddable":true,"href":"https:\/\/streetmarkets.fr\/app\/wp-json\/wp\/v2\/comments?post=690088"}],"wp:featuredmedia":[{"embeddable":true,"href":"https:\/\/streetmarkets.fr\/app\/wp-json\/wp\/v2\/media\/690089"}],"wp:attachment":[{"href":"https:\/\/streetmarkets.fr\/app\/wp-json\/wp\/v2\/media?parent=690088"}],"wp:term":[{"taxonomy":"product_brand","embeddable":true,"href":"https:\/\/streetmarkets.fr\/app\/wp-json\/wp\/v2\/product_brand?post=690088"},{"taxonomy":"product_cat","embeddable":true,"href":"https:\/\/streetmarkets.fr\/app\/wp-json\/wp\/v2\/product_cat?post=690088"},{"taxonomy":"product_tag","embeddable":true,"href":"https:\/\/streetmarkets.fr\/app\/wp-json\/wp\/v2\/product_tag?post=690088"}],"curies":[{"name":"wp","href":"https:\/\/api.w.org\/{rel}","templated":true}]}}