{"id":690068,"date":"2024-10-14T15:37:04","date_gmt":"2024-10-14T13:37:04","guid":{"rendered":"https:\/\/streetmarkets.fr\/app\/produit\/top-debardeur-h24-femme-baby-blue-100-laine-merinos-rws\/"},"modified":"2025-03-15T01:06:01","modified_gmt":"2025-03-15T00:06:01","slug":"top-debardeur-h24-femme-baby-blue-100-laine-merinos-rws","status":"publish","type":"product","link":"https:\/\/streetmarkets.fr\/app\/produit\/top-debardeur-h24-femme-baby-blue-100-laine-merinos-rws\/","title":{"rendered":"Top D\u00e9bardeur (H24 \/ FEMME \/ Baby Blue \/ 100% Laine M\u00e9rinos RWS)"},"content":{"rendered":"<p>Confectionn\u00e9 en laine m\u00e9rinos certifi\u00e9e RWS (Responsible Wool Standard), ce top d\u00e9bardeur d\u00e9voile une coupe ajust\u00e9e pour un effet seconde peau. Muni de bretelles fines et d&#8217;un d\u00e9collet\u00e9 rond, il se pare d&#8217;une plaque dor\u00e9e &#8220;Future&#8221; pour r\u00e9hausser votre allure de saison. Facile \u00e0 mixer, il s&#8217;associe \u00e0 un pantalon d\u00e9contract\u00e9 ou une jupe fluide.<\/p>\n<p>&#8211; Top d\u00e9bardeur en laine m\u00e9rinos Femme<br \/>\n<br \/>&#8211; C\u00f4tel\u00e9<br \/>\n<br \/>&#8211; Bijou dor\u00e9 Future<br \/>\n<br \/>&#8211; Col rond<br \/>\n<br \/>&#8211; Bretelles fines<br \/>\n<br \/>&#8211; Coupe slim<br \/>\n<br \/>&#8211; Laine m\u00e9rinos : respirante et thermor\u00e9gulatrice, elle peut \u00eatre port\u00e9e \u00e9t\u00e9 comme hiver<\/p>\n","protected":false},"excerpt":{"rendered":"<p>Confectionn\u00e9 en laine m\u00e9rinos certifi\u00e9e RWS (Responsible Wool Standard), ce top d\u00e9bardeur d\u00e9voile une coupe ajust\u00e9e pour un effet seconde peau. Muni de bretelles fines et d&#8217;un d\u00e9collet\u00e9 rond, il se pare d&#8217;une plaque dor\u00e9e &#8220;Future&#8221; pour r\u00e9hausser votre allure de saison. Facile \u00e0 mixer, il s&#8217;associe \u00e0 un pantalon d\u00e9contract\u00e9 ou une jupe fluide. [&hellip;]<\/p>\n","protected":false},"featured_media":690069,"comment_status":"open","ping_status":"closed","template":"","meta":[],"product_brand":[6868],"product_cat":[1756,1762],"product_tag":[2244],"acf":[],"_links":{"self":[{"href":"https:\/\/streetmarkets.fr\/app\/wp-json\/wp\/v2\/product\/690068"}],"collection":[{"href":"https:\/\/streetmarkets.fr\/app\/wp-json\/wp\/v2\/product"}],"about":[{"href":"https:\/\/streetmarkets.fr\/app\/wp-json\/wp\/v2\/types\/product"}],"replies":[{"embeddable":true,"href":"https:\/\/streetmarkets.fr\/app\/wp-json\/wp\/v2\/comments?post=690068"}],"wp:featuredmedia":[{"embeddable":true,"href":"https:\/\/streetmarkets.fr\/app\/wp-json\/wp\/v2\/media\/690069"}],"wp:attachment":[{"href":"https:\/\/streetmarkets.fr\/app\/wp-json\/wp\/v2\/media?parent=690068"}],"wp:term":[{"taxonomy":"product_brand","embeddable":true,"href":"https:\/\/streetmarkets.fr\/app\/wp-json\/wp\/v2\/product_brand?post=690068"},{"taxonomy":"product_cat","embeddable":true,"href":"https:\/\/streetmarkets.fr\/app\/wp-json\/wp\/v2\/product_cat?post=690068"},{"taxonomy":"product_tag","embeddable":true,"href":"https:\/\/streetmarkets.fr\/app\/wp-json\/wp\/v2\/product_tag?post=690068"}],"curies":[{"name":"wp","href":"https:\/\/api.w.org\/{rel}","templated":true}]}}