{"id":690038,"date":"2024-10-14T15:37:03","date_gmt":"2024-10-14T13:37:03","guid":{"rendered":"https:\/\/streetmarkets.fr\/app\/produit\/robe-courte-manche-courte-manches-3-4-h24-femme-sable-100-laine-merinos-rws\/"},"modified":"2025-03-15T01:03:22","modified_gmt":"2025-03-15T00:03:22","slug":"robe-courte-manche-courte-manches-3-4-h24-femme-sable-100-laine-merinos-rws","status":"publish","type":"product","link":"https:\/\/streetmarkets.fr\/app\/produit\/robe-courte-manche-courte-manches-3-4-h24-femme-sable-100-laine-merinos-rws\/","title":{"rendered":"Robe Courte Manche Courte Manches 3\/4 (H24 \/ FEMME \/ Sable \/ 100% Laine M\u00e9rinos RWS)"},"content":{"rendered":"<p>Confectionn\u00e9e en 100% laine m\u00e9rinos certifi\u00e9e RWS (Responsible Wool Standard), cette robe courte et c\u00f4tel\u00e9e se porte comme une seconde peau. Muni d&#8217;un col rond et de manches 3\/4, elle d\u00e9voile un logo &#8220;FF&#8221; \u00e0 l&#8217;avant et une l\u00e9g\u00e8re fente \u00e0 l&#8217;avant. \u00c0 la fois chic et casual, mixez-la avec une paire d&#8217;escarpins ou de sneakers.<\/p>\n<p>&#8211; Robe courte en laine m\u00e9rinos Femme<br \/>\n<br \/>&#8211; C\u00f4tel\u00e9e<br \/>\n<br \/>&#8211; Logo &#8220;FF&#8221;<br \/>\n<br \/>&#8211; Col rond<br \/>\n<br \/>&#8211; Manches 3\/4<br \/>\n<br \/>&#8211; Petite fente \u00e0 l&#8217;avant<br \/>\n<br \/>&#8211; Coupe slim<br \/>\n<br \/>&#8211; Laine m\u00e9rinos : respirante et thermor\u00e9gulatrice, elle peut \u00eatre port\u00e9e \u00e9t\u00e9 comme hiver<\/p>\n","protected":false},"excerpt":{"rendered":"<p>Confectionn\u00e9e en 100% laine m\u00e9rinos certifi\u00e9e RWS (Responsible Wool Standard), cette robe courte et c\u00f4tel\u00e9e se porte comme une seconde peau. Muni d&#8217;un col rond et de manches 3\/4, elle d\u00e9voile un logo &#8220;FF&#8221; \u00e0 l&#8217;avant et une l\u00e9g\u00e8re fente \u00e0 l&#8217;avant. \u00c0 la fois chic et casual, mixez-la avec une paire d&#8217;escarpins ou de [&hellip;]<\/p>\n","protected":false},"featured_media":690039,"comment_status":"open","ping_status":"closed","template":"","meta":[],"product_brand":[6868],"product_cat":[1756,1762],"product_tag":[2244],"acf":[],"_links":{"self":[{"href":"https:\/\/streetmarkets.fr\/app\/wp-json\/wp\/v2\/product\/690038"}],"collection":[{"href":"https:\/\/streetmarkets.fr\/app\/wp-json\/wp\/v2\/product"}],"about":[{"href":"https:\/\/streetmarkets.fr\/app\/wp-json\/wp\/v2\/types\/product"}],"replies":[{"embeddable":true,"href":"https:\/\/streetmarkets.fr\/app\/wp-json\/wp\/v2\/comments?post=690038"}],"wp:featuredmedia":[{"embeddable":true,"href":"https:\/\/streetmarkets.fr\/app\/wp-json\/wp\/v2\/media\/690039"}],"wp:attachment":[{"href":"https:\/\/streetmarkets.fr\/app\/wp-json\/wp\/v2\/media?parent=690038"}],"wp:term":[{"taxonomy":"product_brand","embeddable":true,"href":"https:\/\/streetmarkets.fr\/app\/wp-json\/wp\/v2\/product_brand?post=690038"},{"taxonomy":"product_cat","embeddable":true,"href":"https:\/\/streetmarkets.fr\/app\/wp-json\/wp\/v2\/product_cat?post=690038"},{"taxonomy":"product_tag","embeddable":true,"href":"https:\/\/streetmarkets.fr\/app\/wp-json\/wp\/v2\/product_tag?post=690038"}],"curies":[{"name":"wp","href":"https:\/\/api.w.org\/{rel}","templated":true}]}}