{"id":690026,"date":"2024-10-14T15:37:02","date_gmt":"2024-10-14T13:37:02","guid":{"rendered":"https:\/\/streetmarkets.fr\/app\/produit\/robe-longue-manche-longue-h24-femme-noir-100-laine-merinos-rws\/"},"modified":"2025-03-15T01:03:22","modified_gmt":"2025-03-15T00:03:22","slug":"robe-longue-manche-longue-h24-femme-noir-100-laine-merinos-rws","status":"publish","type":"product","link":"https:\/\/streetmarkets.fr\/app\/produit\/robe-longue-manche-longue-h24-femme-noir-100-laine-merinos-rws\/","title":{"rendered":"Robe Longue Manches Longues (H24 \/ FEMME \/ Noir \/ 100% Laine M\u00e9rinos RWS)"},"content":{"rendered":"<p>Confectionn\u00e9e en 100% laine m\u00e9rinos certifi\u00e9e RWS (Responsible Wool Standard), cette robe longue c\u00f4tel\u00e9e d\u00e9voile une jupe fendue, orn\u00e9e de boutons dor\u00e9s &#8220;Future&#8221;, d\u00e9voilant subtilement la jambe. Munie d&#8217;un col rond et de manches longues, elle dessine une silhouette ajust\u00e9e et se porte comme une seconde peau. <\/p>\n<p>&#8211; Robe longue en laine m\u00e9rinos Femme<br \/>\n<br \/>&#8211; C\u00f4tel\u00e9e<br \/>\n<br \/>&#8211; Col rond<br \/>\n<br \/>&#8211; Manches longues<br \/>\n<br \/>&#8211; Jupe fendue \u00e0 boutons &#8220;Future&#8221;<br \/>\n<br \/>&#8211; Coupe slim<br \/>\n<br \/>&#8211; Laine m\u00e9rinos : respirante et thermor\u00e9gulatrice, elle peut \u00eatre port\u00e9e \u00e9t\u00e9 comme hiver<\/p>\n","protected":false},"excerpt":{"rendered":"<p>Confectionn\u00e9e en 100% laine m\u00e9rinos certifi\u00e9e RWS (Responsible Wool Standard), cette robe longue c\u00f4tel\u00e9e d\u00e9voile une jupe fendue, orn\u00e9e de boutons dor\u00e9s &#8220;Future&#8221;, d\u00e9voilant subtilement la jambe. Munie d&#8217;un col rond et de manches longues, elle dessine une silhouette ajust\u00e9e et se porte comme une seconde peau. &#8211; Robe longue en laine m\u00e9rinos Femme &#8211; [&hellip;]<\/p>\n","protected":false},"featured_media":690027,"comment_status":"open","ping_status":"closed","template":"","meta":[],"product_brand":[6868],"product_cat":[1756,1762],"product_tag":[2244],"acf":[],"_links":{"self":[{"href":"https:\/\/streetmarkets.fr\/app\/wp-json\/wp\/v2\/product\/690026"}],"collection":[{"href":"https:\/\/streetmarkets.fr\/app\/wp-json\/wp\/v2\/product"}],"about":[{"href":"https:\/\/streetmarkets.fr\/app\/wp-json\/wp\/v2\/types\/product"}],"replies":[{"embeddable":true,"href":"https:\/\/streetmarkets.fr\/app\/wp-json\/wp\/v2\/comments?post=690026"}],"wp:featuredmedia":[{"embeddable":true,"href":"https:\/\/streetmarkets.fr\/app\/wp-json\/wp\/v2\/media\/690027"}],"wp:attachment":[{"href":"https:\/\/streetmarkets.fr\/app\/wp-json\/wp\/v2\/media?parent=690026"}],"wp:term":[{"taxonomy":"product_brand","embeddable":true,"href":"https:\/\/streetmarkets.fr\/app\/wp-json\/wp\/v2\/product_brand?post=690026"},{"taxonomy":"product_cat","embeddable":true,"href":"https:\/\/streetmarkets.fr\/app\/wp-json\/wp\/v2\/product_cat?post=690026"},{"taxonomy":"product_tag","embeddable":true,"href":"https:\/\/streetmarkets.fr\/app\/wp-json\/wp\/v2\/product_tag?post=690026"}],"curies":[{"name":"wp","href":"https:\/\/api.w.org\/{rel}","templated":true}]}}