{"id":690002,"date":"2024-10-14T15:37:01","date_gmt":"2024-10-14T13:37:01","guid":{"rendered":"https:\/\/streetmarkets.fr\/app\/produit\/robe-longue-manche-longue-a-cotes-fendue-h24-femme-noir\/"},"modified":"2025-03-15T01:03:22","modified_gmt":"2025-03-15T00:03:22","slug":"robe-longue-manche-longue-a-cotes-fendue-h24-femme-noir","status":"publish","type":"product","link":"https:\/\/streetmarkets.fr\/app\/produit\/robe-longue-manche-longue-a-cotes-fendue-h24-femme-noir\/","title":{"rendered":"Robe Longue Manche Longue \u00e0 Cotes Fendue (H24 \/ FEMME \/ Noir)"},"content":{"rendered":"<p>Confectionn\u00e9e en 100% laine m\u00e9rinos certifi\u00e9e RWS (Responsible Wool Standard), cette robe longue c\u00f4tel\u00e9e d\u00e9voile un col polo contrast\u00e9 et des poignets fendus. Munie de manches longues, elle dessine une silhouette ajust\u00e9e et se porte comme une seconde peau. Mixez-la avec une paire d&#8217;escarpins ou de sneakers.<\/p>\n<p>&#8211; Robe longue en laine m\u00e9rinos Femme<br \/>\n<br \/>&#8211; C\u00f4tel\u00e9e<br \/>\n<br \/>&#8211; Col polo contrast\u00e9<br \/>\n<br \/>&#8211; Manches longues<br \/>\n<br \/>&#8211; Poignets fendus<br \/>\n<br \/>&#8211; Coupe slim<br \/>\n<br \/>&#8211; Laine m\u00e9rinos : respirante et thermor\u00e9gulatrice, elle peut \u00eatre port\u00e9e \u00e9t\u00e9 comme hiver<\/p>\n","protected":false},"excerpt":{"rendered":"<p>Confectionn\u00e9e en 100% laine m\u00e9rinos certifi\u00e9e RWS (Responsible Wool Standard), cette robe longue c\u00f4tel\u00e9e d\u00e9voile un col polo contrast\u00e9 et des poignets fendus. Munie de manches longues, elle dessine une silhouette ajust\u00e9e et se porte comme une seconde peau. Mixez-la avec une paire d&#8217;escarpins ou de sneakers. &#8211; Robe longue en laine m\u00e9rinos Femme &#8211; [&hellip;]<\/p>\n","protected":false},"featured_media":690003,"comment_status":"open","ping_status":"closed","template":"","meta":[],"product_brand":[6868],"product_cat":[1756,1762],"product_tag":[2244],"acf":[],"_links":{"self":[{"href":"https:\/\/streetmarkets.fr\/app\/wp-json\/wp\/v2\/product\/690002"}],"collection":[{"href":"https:\/\/streetmarkets.fr\/app\/wp-json\/wp\/v2\/product"}],"about":[{"href":"https:\/\/streetmarkets.fr\/app\/wp-json\/wp\/v2\/types\/product"}],"replies":[{"embeddable":true,"href":"https:\/\/streetmarkets.fr\/app\/wp-json\/wp\/v2\/comments?post=690002"}],"wp:featuredmedia":[{"embeddable":true,"href":"https:\/\/streetmarkets.fr\/app\/wp-json\/wp\/v2\/media\/690003"}],"wp:attachment":[{"href":"https:\/\/streetmarkets.fr\/app\/wp-json\/wp\/v2\/media?parent=690002"}],"wp:term":[{"taxonomy":"product_brand","embeddable":true,"href":"https:\/\/streetmarkets.fr\/app\/wp-json\/wp\/v2\/product_brand?post=690002"},{"taxonomy":"product_cat","embeddable":true,"href":"https:\/\/streetmarkets.fr\/app\/wp-json\/wp\/v2\/product_cat?post=690002"},{"taxonomy":"product_tag","embeddable":true,"href":"https:\/\/streetmarkets.fr\/app\/wp-json\/wp\/v2\/product_tag?post=690002"}],"curies":[{"name":"wp","href":"https:\/\/api.w.org\/{rel}","templated":true}]}}