{"id":689990,"date":"2024-10-14T15:37:00","date_gmt":"2024-10-14T13:37:00","guid":{"rendered":"https:\/\/streetmarkets.fr\/app\/produit\/pull-sans-manche-h24-femme-navy\/"},"modified":"2025-01-25T01:03:23","modified_gmt":"2025-01-25T00:03:23","slug":"pull-sans-manche-h24-femme-navy","status":"publish","type":"product","link":"https:\/\/streetmarkets.fr\/app\/produit\/pull-sans-manche-h24-femme-navy\/","title":{"rendered":"Pull Sans Manches (H24 \/ FEMME \/ Navy)"},"content":{"rendered":"<p>Confectionn\u00e9 en cachemire, ce pull sans manches court se pare de rayures contrast\u00e9es inspir\u00e9es de la marini\u00e8re. Le d\u00e9tail chic ? Une fermeture orn\u00e9e de boutons dor\u00e9s structurent le d\u00e9collet\u00e9 en V et les bords c\u00f4tel\u00e9s. Incarnant l&#8217;\u00e9l\u00e9gance intemporelle, il s&#8217;associe \u00e0 un pantalon fluide ou une jupe structur\u00e9e.<\/p>\n<p>&#8211; Pull sans manches court en cachemire certifi\u00e9 GCS\u00ae Femme<br \/>\n<br \/>&#8211; Rayures esprit marini\u00e8re<br \/>\n<br \/>&#8211; Col V<br \/>\n<br \/>&#8211; Fermeture boutonn\u00e9e \u00e0 boutons dor\u00e9s nacr\u00e9s<br \/>\n<br \/>&#8211; Bords c\u00f4tel\u00e9s<br \/>\n<br \/>&#8211; Coupe regular<br \/>\n<br \/>&#8211; Le Good Cashmere Standard\u00ae (GCS) est une norme ind\u00e9pendante pour un cachemire plus durable et plus responsable. Il vise \u00e0 am\u00e9liorer le bien-\u00eatre des ch\u00e8vres cachemire, les conditions de travail des \u00e9leveurs ainsi qu&#8217;\u00e0 prot\u00e9ger l&#8217;environnement.<br \/>&#8211; <u>Cachemire 2 fils<\/u> <\/p>\n","protected":false},"excerpt":{"rendered":"<p>Confectionn\u00e9 en cachemire, ce pull sans manches court se pare de rayures contrast\u00e9es inspir\u00e9es de la marini\u00e8re. Le d\u00e9tail chic ? Une fermeture orn\u00e9e de boutons dor\u00e9s structurent le d\u00e9collet\u00e9 en V et les bords c\u00f4tel\u00e9s. Incarnant l&#8217;\u00e9l\u00e9gance intemporelle, il s&#8217;associe \u00e0 un pantalon fluide ou une jupe structur\u00e9e. &#8211; Pull sans manches court en [&hellip;]<\/p>\n","protected":false},"featured_media":689991,"comment_status":"open","ping_status":"closed","template":"","meta":[],"product_brand":[6868],"product_cat":[1756,1762],"product_tag":[2244],"acf":[],"_links":{"self":[{"href":"https:\/\/streetmarkets.fr\/app\/wp-json\/wp\/v2\/product\/689990"}],"collection":[{"href":"https:\/\/streetmarkets.fr\/app\/wp-json\/wp\/v2\/product"}],"about":[{"href":"https:\/\/streetmarkets.fr\/app\/wp-json\/wp\/v2\/types\/product"}],"replies":[{"embeddable":true,"href":"https:\/\/streetmarkets.fr\/app\/wp-json\/wp\/v2\/comments?post=689990"}],"wp:featuredmedia":[{"embeddable":true,"href":"https:\/\/streetmarkets.fr\/app\/wp-json\/wp\/v2\/media\/689991"}],"wp:attachment":[{"href":"https:\/\/streetmarkets.fr\/app\/wp-json\/wp\/v2\/media?parent=689990"}],"wp:term":[{"taxonomy":"product_brand","embeddable":true,"href":"https:\/\/streetmarkets.fr\/app\/wp-json\/wp\/v2\/product_brand?post=689990"},{"taxonomy":"product_cat","embeddable":true,"href":"https:\/\/streetmarkets.fr\/app\/wp-json\/wp\/v2\/product_cat?post=689990"},{"taxonomy":"product_tag","embeddable":true,"href":"https:\/\/streetmarkets.fr\/app\/wp-json\/wp\/v2\/product_tag?post=689990"}],"curies":[{"name":"wp","href":"https:\/\/api.w.org\/{rel}","templated":true}]}}