{"id":689953,"date":"2024-10-14T15:36:58","date_gmt":"2024-10-14T13:36:58","guid":{"rendered":"https:\/\/streetmarkets.fr\/app\/produit\/pull-col-rond-raglan-h24-femme-ecru\/"},"modified":"2025-03-10T01:06:27","modified_gmt":"2025-03-10T00:06:27","slug":"pull-col-rond-raglan-h24-femme-ecru","status":"publish","type":"product","link":"https:\/\/streetmarkets.fr\/app\/produit\/pull-col-rond-raglan-h24-femme-ecru\/","title":{"rendered":"Pull Col Rond Raglan (H24 \/ FEMME \/ Ecru)"},"content":{"rendered":"<p>D\u00e9clin\u00e9 dans un colorama in\u00e9dit, ce pull en cachemire s&#8217;impose comme un indispensable de votre vestiaire. Sa coupe courte et ajust\u00e9e, rehauss\u00e9e d&#8217;un col rond et de manches longues raglan, souligne avec \u00e9l\u00e9gance toutes les silhouettes. \u00c0 porter sans mod\u00e9ration, il se mixe \u00e0 un jean droit ou une jupe fluide.<\/p>\n<p>&#8211; Pull court en cachemire certifi\u00e9 GCS\u00ae Femme<br \/>\n<br \/>&#8211; Col rond<br \/>\n<br \/>&#8211; Manches longues raglan<br \/>\n<br \/>&#8211; Bords c\u00f4tel\u00e9s<br \/>\n<br \/>&#8211; Coupe slim<br \/>\n<br \/>&#8211; Le Good Cashmere Standard\u00ae (GCS) est une norme ind\u00e9pendante pour un cachemire plus durable et plus responsable. Il vise \u00e0 am\u00e9liorer le bien-\u00eatre des ch\u00e8vres cachemire, les conditions de travail des \u00e9leveurs ainsi qu&#8217;\u00e0 prot\u00e9ger l&#8217;environnement.<br \/>&#8211; <u>Cachemire 6 fils<\/u> <\/p>\n","protected":false},"excerpt":{"rendered":"<p>D\u00e9clin\u00e9 dans un colorama in\u00e9dit, ce pull en cachemire s&#8217;impose comme un indispensable de votre vestiaire. Sa coupe courte et ajust\u00e9e, rehauss\u00e9e d&#8217;un col rond et de manches longues raglan, souligne avec \u00e9l\u00e9gance toutes les silhouettes. \u00c0 porter sans mod\u00e9ration, il se mixe \u00e0 un jean droit ou une jupe fluide. &#8211; Pull court en [&hellip;]<\/p>\n","protected":false},"featured_media":689954,"comment_status":"open","ping_status":"closed","template":"","meta":[],"product_brand":[6868],"product_cat":[1756,1762],"product_tag":[2244],"acf":[],"_links":{"self":[{"href":"https:\/\/streetmarkets.fr\/app\/wp-json\/wp\/v2\/product\/689953"}],"collection":[{"href":"https:\/\/streetmarkets.fr\/app\/wp-json\/wp\/v2\/product"}],"about":[{"href":"https:\/\/streetmarkets.fr\/app\/wp-json\/wp\/v2\/types\/product"}],"replies":[{"embeddable":true,"href":"https:\/\/streetmarkets.fr\/app\/wp-json\/wp\/v2\/comments?post=689953"}],"wp:featuredmedia":[{"embeddable":true,"href":"https:\/\/streetmarkets.fr\/app\/wp-json\/wp\/v2\/media\/689954"}],"wp:attachment":[{"href":"https:\/\/streetmarkets.fr\/app\/wp-json\/wp\/v2\/media?parent=689953"}],"wp:term":[{"taxonomy":"product_brand","embeddable":true,"href":"https:\/\/streetmarkets.fr\/app\/wp-json\/wp\/v2\/product_brand?post=689953"},{"taxonomy":"product_cat","embeddable":true,"href":"https:\/\/streetmarkets.fr\/app\/wp-json\/wp\/v2\/product_cat?post=689953"},{"taxonomy":"product_tag","embeddable":true,"href":"https:\/\/streetmarkets.fr\/app\/wp-json\/wp\/v2\/product_tag?post=689953"}],"curies":[{"name":"wp","href":"https:\/\/api.w.org\/{rel}","templated":true}]}}