{"id":689873,"date":"2024-10-14T15:36:54","date_gmt":"2024-10-14T13:36:54","guid":{"rendered":"https:\/\/streetmarkets.fr\/app\/produit\/pull-col-montant-h24-femme-sable\/"},"modified":"2025-03-10T01:06:27","modified_gmt":"2025-03-10T00:06:27","slug":"pull-col-montant-h24-femme-sable","status":"publish","type":"product","link":"https:\/\/streetmarkets.fr\/app\/produit\/pull-col-montant-h24-femme-sable\/","title":{"rendered":"Pull Col Montant (H24 \/ FEMME \/ Sable)"},"content":{"rendered":"<p>\u00c9levez votre look de saison avec ce pull court confectionn\u00e9 en 100% laine m\u00e9rinos certifi\u00e9e RWS (Responsible Wool Standard). Des liser\u00e9s contrast\u00e9s soulignent le col montant et les manches longues pour une silhouette audacieuse et structur\u00e9e. <\/p>\n<p>&#8211; Pull court en laine m\u00e9rinos Femme<br \/>\n<br \/>&#8211; C\u00f4tel\u00e9e<br \/>\n<br \/>&#8211; Liser\u00e9s contrast\u00e9s<br \/>\n<br \/>&#8211; Col montant<br \/>\n<br \/>&#8211; Manches longues<br \/>\n<br \/>&#8211; Coupe regular<br \/>\n<br \/>&#8211; Laine m\u00e9rinos : respirante et thermor\u00e9gulatrice, elle peut \u00eatre port\u00e9e \u00e9t\u00e9 comme hiver<\/p>\n","protected":false},"excerpt":{"rendered":"<p>\u00c9levez votre look de saison avec ce pull court confectionn\u00e9 en 100% laine m\u00e9rinos certifi\u00e9e RWS (Responsible Wool Standard). Des liser\u00e9s contrast\u00e9s soulignent le col montant et les manches longues pour une silhouette audacieuse et structur\u00e9e. &#8211; Pull court en laine m\u00e9rinos Femme &#8211; C\u00f4tel\u00e9e &#8211; Liser\u00e9s contrast\u00e9s &#8211; Col montant &#8211; Manches longues &#8211; [&hellip;]<\/p>\n","protected":false},"featured_media":689874,"comment_status":"open","ping_status":"closed","template":"","meta":[],"product_brand":[6868],"product_cat":[1756,1762],"product_tag":[2244],"acf":[],"_links":{"self":[{"href":"https:\/\/streetmarkets.fr\/app\/wp-json\/wp\/v2\/product\/689873"}],"collection":[{"href":"https:\/\/streetmarkets.fr\/app\/wp-json\/wp\/v2\/product"}],"about":[{"href":"https:\/\/streetmarkets.fr\/app\/wp-json\/wp\/v2\/types\/product"}],"replies":[{"embeddable":true,"href":"https:\/\/streetmarkets.fr\/app\/wp-json\/wp\/v2\/comments?post=689873"}],"wp:featuredmedia":[{"embeddable":true,"href":"https:\/\/streetmarkets.fr\/app\/wp-json\/wp\/v2\/media\/689874"}],"wp:attachment":[{"href":"https:\/\/streetmarkets.fr\/app\/wp-json\/wp\/v2\/media?parent=689873"}],"wp:term":[{"taxonomy":"product_brand","embeddable":true,"href":"https:\/\/streetmarkets.fr\/app\/wp-json\/wp\/v2\/product_brand?post=689873"},{"taxonomy":"product_cat","embeddable":true,"href":"https:\/\/streetmarkets.fr\/app\/wp-json\/wp\/v2\/product_cat?post=689873"},{"taxonomy":"product_tag","embeddable":true,"href":"https:\/\/streetmarkets.fr\/app\/wp-json\/wp\/v2\/product_tag?post=689873"}],"curies":[{"name":"wp","href":"https:\/\/api.w.org\/{rel}","templated":true}]}}