{"id":689843,"date":"2024-10-14T15:36:53","date_gmt":"2024-10-14T13:36:53","guid":{"rendered":"https:\/\/streetmarkets.fr\/app\/produit\/pull-gilet-h24-femme-gris-chine-fonce\/"},"modified":"2025-03-10T01:06:27","modified_gmt":"2025-03-10T00:06:27","slug":"pull-gilet-h24-femme-gris-chine-fonce","status":"publish","type":"product","link":"https:\/\/streetmarkets.fr\/app\/produit\/pull-gilet-h24-femme-gris-chine-fonce\/","title":{"rendered":"Pull Gilet (H24 \/ FEMME \/ Gris Chin\u00e9 Fonc\u00e9)"},"content":{"rendered":"<p>Twistez votre silhouette de saison avec ce pull gilet court confectionn\u00e9 en cachemire. M\u00ealant style et audace, des bords contrast\u00e9s r\u00e9haussent le col, la fermeture zipp\u00e9e et les poignets. Associez-le \u00e0 un jean d\u00e9contract\u00e9 ou un pantalon structur\u00e9e pour un look chic et casual.<\/p>\n<p>&#8211; Pull gilet court en cachemire certifi\u00e9 GCS\u00ae Femme<br \/>\n<br \/>&#8211; Col chemise<br \/>\n<br \/>&#8211; Fermeture zipp\u00e9e<br \/>\n<br \/>&#8211; Manches longues<br \/>\n<br \/>&#8211; Bords c\u00f4tel\u00e9s contrast\u00e9s<br \/>\n<br \/>&#8211; Coupe oversize<br \/>\n<br \/>&#8211; Le Good Cashmere Standard\u00ae (GCS) est une norme ind\u00e9pendante pour un cachemire plus durable et plus responsable. Il vise \u00e0 am\u00e9liorer le bien-\u00eatre des ch\u00e8vres cachemire, les conditions de travail des \u00e9leveurs ainsi qu&#8217;\u00e0 prot\u00e9ger l&#8217;environnement.<br \/>&#8211; <u>Cachemire 4 fils<\/u> <\/p>\n","protected":false},"excerpt":{"rendered":"<p>Twistez votre silhouette de saison avec ce pull gilet court confectionn\u00e9 en cachemire. M\u00ealant style et audace, des bords contrast\u00e9s r\u00e9haussent le col, la fermeture zipp\u00e9e et les poignets. Associez-le \u00e0 un jean d\u00e9contract\u00e9 ou un pantalon structur\u00e9e pour un look chic et casual. &#8211; Pull gilet court en cachemire certifi\u00e9 GCS\u00ae Femme &#8211; Col [&hellip;]<\/p>\n","protected":false},"featured_media":689844,"comment_status":"open","ping_status":"closed","template":"","meta":[],"product_brand":[6868],"product_cat":[1756,1762],"product_tag":[2244],"acf":[],"_links":{"self":[{"href":"https:\/\/streetmarkets.fr\/app\/wp-json\/wp\/v2\/product\/689843"}],"collection":[{"href":"https:\/\/streetmarkets.fr\/app\/wp-json\/wp\/v2\/product"}],"about":[{"href":"https:\/\/streetmarkets.fr\/app\/wp-json\/wp\/v2\/types\/product"}],"replies":[{"embeddable":true,"href":"https:\/\/streetmarkets.fr\/app\/wp-json\/wp\/v2\/comments?post=689843"}],"wp:featuredmedia":[{"embeddable":true,"href":"https:\/\/streetmarkets.fr\/app\/wp-json\/wp\/v2\/media\/689844"}],"wp:attachment":[{"href":"https:\/\/streetmarkets.fr\/app\/wp-json\/wp\/v2\/media?parent=689843"}],"wp:term":[{"taxonomy":"product_brand","embeddable":true,"href":"https:\/\/streetmarkets.fr\/app\/wp-json\/wp\/v2\/product_brand?post=689843"},{"taxonomy":"product_cat","embeddable":true,"href":"https:\/\/streetmarkets.fr\/app\/wp-json\/wp\/v2\/product_cat?post=689843"},{"taxonomy":"product_tag","embeddable":true,"href":"https:\/\/streetmarkets.fr\/app\/wp-json\/wp\/v2\/product_tag?post=689843"}],"curies":[{"name":"wp","href":"https:\/\/api.w.org\/{rel}","templated":true}]}}