{"id":689833,"date":"2024-10-14T15:36:21","date_gmt":"2024-10-14T13:36:21","guid":{"rendered":"https:\/\/streetmarkets.fr\/app\/produit\/pull-cardigan-h24-femme-utopic-pink\/"},"modified":"2025-02-04T01:05:03","modified_gmt":"2025-02-04T00:05:03","slug":"pull-cardigan-h24-femme-utopic-pink","status":"publish","type":"product","link":"https:\/\/streetmarkets.fr\/app\/produit\/pull-cardigan-h24-femme-utopic-pink\/","title":{"rendered":"Pull Cardigan (H24 \/ FEMME \/ Utopic Pink)"},"content":{"rendered":"<p>Ce pull cardigan en cachemire, dot\u00e9 de manches longues et de bords c\u00f4tel\u00e9s, vous enveloppe de douceur cette saison. Sa fermeture boutonn\u00e9e vous permet d&#8217;ajuster le col selon vos envies, ouvert pour un look d\u00e9contract\u00e9 ou montant pour une allure plus affirm\u00e9e. <\/p>\n<p>&#8211; Pull cardigan en cachemire certifi\u00e9 GCS\u00ae Femme<br \/>\n<br \/>&#8211; Col montant<br \/>\n<br \/>&#8211; Fermeture boutonn\u00e9e<br \/>\n<br \/>&#8211; Manches longues<br \/>\n<br \/>&#8211; Bords c\u00f4tel\u00e9s<br \/>\n<br \/>&#8211; Coupe oversize et courte<br \/>\n<br \/>&#8211; Le Good Cashmere Standard\u00ae (GCS) est une norme ind\u00e9pendante pour un cachemire plus durable et plus responsable. Il vise \u00e0 am\u00e9liorer le bien-\u00eatre des ch\u00e8vres cachemire, les conditions de travail des \u00e9leveurs ainsi qu&#8217;\u00e0 prot\u00e9ger l&#8217;environnement.<br \/>&#8211; <u>Cachemire 4 fils<\/u> <\/p>\n","protected":false},"excerpt":{"rendered":"<p>Ce pull cardigan en cachemire, dot\u00e9 de manches longues et de bords c\u00f4tel\u00e9s, vous enveloppe de douceur cette saison. Sa fermeture boutonn\u00e9e vous permet d&#8217;ajuster le col selon vos envies, ouvert pour un look d\u00e9contract\u00e9 ou montant pour une allure plus affirm\u00e9e. &#8211; Pull cardigan en cachemire certifi\u00e9 GCS\u00ae Femme &#8211; Col montant &#8211; Fermeture [&hellip;]<\/p>\n","protected":false},"featured_media":689834,"comment_status":"open","ping_status":"closed","template":"","meta":[],"product_brand":[6868],"product_cat":[1756,1762],"product_tag":[2244],"acf":[],"_links":{"self":[{"href":"https:\/\/streetmarkets.fr\/app\/wp-json\/wp\/v2\/product\/689833"}],"collection":[{"href":"https:\/\/streetmarkets.fr\/app\/wp-json\/wp\/v2\/product"}],"about":[{"href":"https:\/\/streetmarkets.fr\/app\/wp-json\/wp\/v2\/types\/product"}],"replies":[{"embeddable":true,"href":"https:\/\/streetmarkets.fr\/app\/wp-json\/wp\/v2\/comments?post=689833"}],"wp:featuredmedia":[{"embeddable":true,"href":"https:\/\/streetmarkets.fr\/app\/wp-json\/wp\/v2\/media\/689834"}],"wp:attachment":[{"href":"https:\/\/streetmarkets.fr\/app\/wp-json\/wp\/v2\/media?parent=689833"}],"wp:term":[{"taxonomy":"product_brand","embeddable":true,"href":"https:\/\/streetmarkets.fr\/app\/wp-json\/wp\/v2\/product_brand?post=689833"},{"taxonomy":"product_cat","embeddable":true,"href":"https:\/\/streetmarkets.fr\/app\/wp-json\/wp\/v2\/product_cat?post=689833"},{"taxonomy":"product_tag","embeddable":true,"href":"https:\/\/streetmarkets.fr\/app\/wp-json\/wp\/v2\/product_tag?post=689833"}],"curies":[{"name":"wp","href":"https:\/\/api.w.org\/{rel}","templated":true}]}}