{"id":689814,"date":"2024-10-14T15:36:20","date_gmt":"2024-10-14T13:36:20","guid":{"rendered":"https:\/\/streetmarkets.fr\/app\/produit\/pull-cardigan-h24-femme-hot-red\/"},"modified":"2025-01-18T01:11:39","modified_gmt":"2025-01-18T00:11:39","slug":"pull-cardigan-h24-femme-hot-red","status":"publish","type":"product","link":"https:\/\/streetmarkets.fr\/app\/produit\/pull-cardigan-h24-femme-hot-red\/","title":{"rendered":"Pull Cardigan (H24 \/ FEMME \/ Hot Red)"},"content":{"rendered":"<p>R\u00e9chauffez votre silhouette de saison avec ce pull cardigan court et oversize, confectionn\u00e9 en cachemire infiniment doux. Muni de manches longues et de bords c\u00f4tel\u00e9s, il d\u00e9voile un col en V et une fermeture boutonn\u00e9e. Pi\u00e8ce indispensable du vestiaire From Future, il se porte aussi bien seul qu&#8217;en superposition.<\/p>\n<p>&#8211; Pull cardigan court en cachemire certifi\u00e9 GCS\u00ae Femme<br \/>\n<br \/>&#8211; Col en V<br \/>\n<br \/>&#8211; Fermeture boutonn\u00e9e<br \/>\n<br \/>&#8211; Manches longues<br \/>\n<br \/>&#8211; Bords c\u00f4tel\u00e9s<br \/>\n<br \/>&#8211; Coupe oversize<br \/>\n<br \/>&#8211; Le Good Cashmere Standard\u00ae (GCS) est une norme ind\u00e9pendante pour un cachemire plus durable et plus responsable. Il vise \u00e0 am\u00e9liorer le bien-\u00eatre des ch\u00e8vres cachemire, les conditions de travail des \u00e9leveurs ainsi qu&#8217;\u00e0 prot\u00e9ger l&#8217;environnement.<br \/>&#8211; <u>Cachemire 4 fils<\/u> <\/p>\n","protected":false},"excerpt":{"rendered":"<p>R\u00e9chauffez votre silhouette de saison avec ce pull cardigan court et oversize, confectionn\u00e9 en cachemire infiniment doux. Muni de manches longues et de bords c\u00f4tel\u00e9s, il d\u00e9voile un col en V et une fermeture boutonn\u00e9e. Pi\u00e8ce indispensable du vestiaire From Future, il se porte aussi bien seul qu&#8217;en superposition. &#8211; Pull cardigan court en cachemire [&hellip;]<\/p>\n","protected":false},"featured_media":689815,"comment_status":"open","ping_status":"closed","template":"","meta":[],"product_brand":[6868],"product_cat":[1756,1762],"product_tag":[2244],"acf":[],"_links":{"self":[{"href":"https:\/\/streetmarkets.fr\/app\/wp-json\/wp\/v2\/product\/689814"}],"collection":[{"href":"https:\/\/streetmarkets.fr\/app\/wp-json\/wp\/v2\/product"}],"about":[{"href":"https:\/\/streetmarkets.fr\/app\/wp-json\/wp\/v2\/types\/product"}],"replies":[{"embeddable":true,"href":"https:\/\/streetmarkets.fr\/app\/wp-json\/wp\/v2\/comments?post=689814"}],"wp:featuredmedia":[{"embeddable":true,"href":"https:\/\/streetmarkets.fr\/app\/wp-json\/wp\/v2\/media\/689815"}],"wp:attachment":[{"href":"https:\/\/streetmarkets.fr\/app\/wp-json\/wp\/v2\/media?parent=689814"}],"wp:term":[{"taxonomy":"product_brand","embeddable":true,"href":"https:\/\/streetmarkets.fr\/app\/wp-json\/wp\/v2\/product_brand?post=689814"},{"taxonomy":"product_cat","embeddable":true,"href":"https:\/\/streetmarkets.fr\/app\/wp-json\/wp\/v2\/product_cat?post=689814"},{"taxonomy":"product_tag","embeddable":true,"href":"https:\/\/streetmarkets.fr\/app\/wp-json\/wp\/v2\/product_tag?post=689814"}],"curies":[{"name":"wp","href":"https:\/\/api.w.org\/{rel}","templated":true}]}}