{"id":689799,"date":"2024-10-14T15:36:20","date_gmt":"2024-10-14T13:36:20","guid":{"rendered":"https:\/\/streetmarkets.fr\/app\/produit\/jupe-mini-future-h24-femme-winter-leopard\/"},"modified":"2024-12-16T01:01:47","modified_gmt":"2024-12-16T00:01:47","slug":"jupe-mini-future-h24-femme-winter-leopard","status":"publish","type":"product","link":"https:\/\/streetmarkets.fr\/app\/produit\/jupe-mini-future-h24-femme-winter-leopard\/","title":{"rendered":"Jupe Mini Future (H24 \/ FEMME \/ Winter Leopard)"},"content":{"rendered":"<p>En satin de soie l\u00e9ger, brillant et soyeux, cette mini-jupe se pare d&#8217;un imprim\u00e9 l\u00e9opard pour twister vos silhouettes des plus \u00e9l\u00e9gantes. R\u00e9hauss\u00e9e de bords en dentelle, elle se porte de jour comme de nuit, avec un top structur\u00e9 ou une maille moelleuse.<\/p>\n<p>&#8211; Mini-jupe en satin de soie Femme<br \/>\n<br \/>&#8211; Imprim\u00e9 l\u00e9opard<br \/>\n<br \/>&#8211; Bords en dentelle<br \/>\n<br \/>&#8211; Taille elastiqu\u00e9e<br \/>\n<br \/>&#8211; Coupe slim<\/p>\n","protected":false},"excerpt":{"rendered":"<p>En satin de soie l\u00e9ger, brillant et soyeux, cette mini-jupe se pare d&#8217;un imprim\u00e9 l\u00e9opard pour twister vos silhouettes des plus \u00e9l\u00e9gantes. R\u00e9hauss\u00e9e de bords en dentelle, elle se porte de jour comme de nuit, avec un top structur\u00e9 ou une maille moelleuse. &#8211; Mini-jupe en satin de soie Femme &#8211; Imprim\u00e9 l\u00e9opard &#8211; Bords [&hellip;]<\/p>\n","protected":false},"featured_media":689800,"comment_status":"open","ping_status":"closed","template":"","meta":[],"product_brand":[6868],"product_cat":[1756,1762],"product_tag":[2244],"acf":[],"_links":{"self":[{"href":"https:\/\/streetmarkets.fr\/app\/wp-json\/wp\/v2\/product\/689799"}],"collection":[{"href":"https:\/\/streetmarkets.fr\/app\/wp-json\/wp\/v2\/product"}],"about":[{"href":"https:\/\/streetmarkets.fr\/app\/wp-json\/wp\/v2\/types\/product"}],"replies":[{"embeddable":true,"href":"https:\/\/streetmarkets.fr\/app\/wp-json\/wp\/v2\/comments?post=689799"}],"wp:featuredmedia":[{"embeddable":true,"href":"https:\/\/streetmarkets.fr\/app\/wp-json\/wp\/v2\/media\/689800"}],"wp:attachment":[{"href":"https:\/\/streetmarkets.fr\/app\/wp-json\/wp\/v2\/media?parent=689799"}],"wp:term":[{"taxonomy":"product_brand","embeddable":true,"href":"https:\/\/streetmarkets.fr\/app\/wp-json\/wp\/v2\/product_brand?post=689799"},{"taxonomy":"product_cat","embeddable":true,"href":"https:\/\/streetmarkets.fr\/app\/wp-json\/wp\/v2\/product_cat?post=689799"},{"taxonomy":"product_tag","embeddable":true,"href":"https:\/\/streetmarkets.fr\/app\/wp-json\/wp\/v2\/product_tag?post=689799"}],"curies":[{"name":"wp","href":"https:\/\/api.w.org\/{rel}","templated":true}]}}