{"id":689771,"date":"2024-10-14T15:36:18","date_gmt":"2024-10-14T13:36:18","guid":{"rendered":"https:\/\/streetmarkets.fr\/app\/produit\/jupe-mi-longue-h24-femme-noir\/"},"modified":"2025-01-12T01:02:24","modified_gmt":"2025-01-12T00:02:24","slug":"jupe-mi-longue-h24-femme-noir","status":"publish","type":"product","link":"https:\/\/streetmarkets.fr\/app\/produit\/jupe-mi-longue-h24-femme-noir\/","title":{"rendered":"Jupe Mi-longue (H24 \/ FEMME \/ Noir)"},"content":{"rendered":"<p>Confectionn\u00e9e en satin de soie l\u00e9ger et soyeux, cette jupe mi-longue d\u00e9voile une allure audacieuse en toute \u00e9l\u00e9gance. \u00c9lastiqu\u00e9e \u00e0 la taille pour une silhouette ajust\u00e9e, elle se pare d&#8217;une fente sur les c\u00f4t\u00e9s et de bords en dentelle. \u00c0 accessoiriser selon vos envies, elle se porte sur une chemise satin\u00e9e ou un top en maille.<\/p>\n<p>&#8211; Jupe mi-longue en satin de soie Femme<br \/>\n<br \/>&#8211; Bords en dentelle<br \/>\n<br \/>&#8211; Taille \u00e9lastiqu\u00e9e<br \/>\n<br \/>&#8211; Fente sur le bas<br \/>\n<br \/>&#8211; Coupe slim<\/p>\n","protected":false},"excerpt":{"rendered":"<p>Confectionn\u00e9e en satin de soie l\u00e9ger et soyeux, cette jupe mi-longue d\u00e9voile une allure audacieuse en toute \u00e9l\u00e9gance. \u00c9lastiqu\u00e9e \u00e0 la taille pour une silhouette ajust\u00e9e, elle se pare d&#8217;une fente sur les c\u00f4t\u00e9s et de bords en dentelle. \u00c0 accessoiriser selon vos envies, elle se porte sur une chemise satin\u00e9e ou un top en [&hellip;]<\/p>\n","protected":false},"featured_media":689772,"comment_status":"open","ping_status":"closed","template":"","meta":[],"product_brand":[6868],"product_cat":[1756,1762],"product_tag":[2244],"acf":[],"_links":{"self":[{"href":"https:\/\/streetmarkets.fr\/app\/wp-json\/wp\/v2\/product\/689771"}],"collection":[{"href":"https:\/\/streetmarkets.fr\/app\/wp-json\/wp\/v2\/product"}],"about":[{"href":"https:\/\/streetmarkets.fr\/app\/wp-json\/wp\/v2\/types\/product"}],"replies":[{"embeddable":true,"href":"https:\/\/streetmarkets.fr\/app\/wp-json\/wp\/v2\/comments?post=689771"}],"wp:featuredmedia":[{"embeddable":true,"href":"https:\/\/streetmarkets.fr\/app\/wp-json\/wp\/v2\/media\/689772"}],"wp:attachment":[{"href":"https:\/\/streetmarkets.fr\/app\/wp-json\/wp\/v2\/media?parent=689771"}],"wp:term":[{"taxonomy":"product_brand","embeddable":true,"href":"https:\/\/streetmarkets.fr\/app\/wp-json\/wp\/v2\/product_brand?post=689771"},{"taxonomy":"product_cat","embeddable":true,"href":"https:\/\/streetmarkets.fr\/app\/wp-json\/wp\/v2\/product_cat?post=689771"},{"taxonomy":"product_tag","embeddable":true,"href":"https:\/\/streetmarkets.fr\/app\/wp-json\/wp\/v2\/product_tag?post=689771"}],"curies":[{"name":"wp","href":"https:\/\/api.w.org\/{rel}","templated":true}]}}