{"id":689759,"date":"2024-10-14T15:36:18","date_gmt":"2024-10-14T13:36:18","guid":{"rendered":"https:\/\/streetmarkets.fr\/app\/produit\/pull-col-rond-h24-homme-cloud-blue-100-laine-merinos-rws\/"},"modified":"2025-02-04T01:05:03","modified_gmt":"2025-02-04T00:05:03","slug":"pull-col-rond-h24-homme-cloud-blue-100-laine-merinos-rws","status":"publish","type":"product","link":"https:\/\/streetmarkets.fr\/app\/produit\/pull-col-rond-h24-homme-cloud-blue-100-laine-merinos-rws\/","title":{"rendered":"Pull Col Rond (H24 \/ HOMME \/ Cloud Blue \/ 100% Laine M\u00e9rinos RWS)"},"content":{"rendered":"<p>Confectionn\u00e9, en 100% laine m\u00e9rinos certifi\u00e9e RWS (Responsible Wool Standard), ce pull r\u00e9v\u00e8le un jeu de contrastes au col rond et aux \u00e9paules pour une allure \u00e9l\u00e9gante et structur\u00e9e. Muni de manches longues, il s&#8217;associe \u00e0 votre jean pr\u00e9f\u00e9r\u00e9.<\/p>\n<p>&#8211; Pull en laine m\u00e9rinos Homme<br \/>\n<br \/>&#8211; \u00c9paules contrast\u00e9es<br \/>\n<br \/>&#8211; Col rond contrast\u00e9<br \/>\n<br \/>&#8211; Manches longues<br \/>\n<br \/>&#8211; Bords c\u00f4tel\u00e9s<br \/>\n<br \/>&#8211; Coupe regular<br \/>\n<br \/>&#8211; Laine m\u00e9rinos : respirante et thermor\u00e9gulatrice, elle peut \u00eatre port\u00e9e \u00e9t\u00e9 comme hiver<\/p>\n","protected":false},"excerpt":{"rendered":"<p>Confectionn\u00e9, en 100% laine m\u00e9rinos certifi\u00e9e RWS (Responsible Wool Standard), ce pull r\u00e9v\u00e8le un jeu de contrastes au col rond et aux \u00e9paules pour une allure \u00e9l\u00e9gante et structur\u00e9e. Muni de manches longues, il s&#8217;associe \u00e0 votre jean pr\u00e9f\u00e9r\u00e9. &#8211; Pull en laine m\u00e9rinos Homme &#8211; \u00c9paules contrast\u00e9es &#8211; Col rond contrast\u00e9 &#8211; Manches longues [&hellip;]<\/p>\n","protected":false},"featured_media":689760,"comment_status":"open","ping_status":"closed","template":"","meta":[],"product_brand":[6868],"product_cat":[1756,1758],"product_tag":[2244],"acf":[],"_links":{"self":[{"href":"https:\/\/streetmarkets.fr\/app\/wp-json\/wp\/v2\/product\/689759"}],"collection":[{"href":"https:\/\/streetmarkets.fr\/app\/wp-json\/wp\/v2\/product"}],"about":[{"href":"https:\/\/streetmarkets.fr\/app\/wp-json\/wp\/v2\/types\/product"}],"replies":[{"embeddable":true,"href":"https:\/\/streetmarkets.fr\/app\/wp-json\/wp\/v2\/comments?post=689759"}],"wp:featuredmedia":[{"embeddable":true,"href":"https:\/\/streetmarkets.fr\/app\/wp-json\/wp\/v2\/media\/689760"}],"wp:attachment":[{"href":"https:\/\/streetmarkets.fr\/app\/wp-json\/wp\/v2\/media?parent=689759"}],"wp:term":[{"taxonomy":"product_brand","embeddable":true,"href":"https:\/\/streetmarkets.fr\/app\/wp-json\/wp\/v2\/product_brand?post=689759"},{"taxonomy":"product_cat","embeddable":true,"href":"https:\/\/streetmarkets.fr\/app\/wp-json\/wp\/v2\/product_cat?post=689759"},{"taxonomy":"product_tag","embeddable":true,"href":"https:\/\/streetmarkets.fr\/app\/wp-json\/wp\/v2\/product_tag?post=689759"}],"curies":[{"name":"wp","href":"https:\/\/api.w.org\/{rel}","templated":true}]}}