{"id":689741,"date":"2024-10-14T15:36:17","date_gmt":"2024-10-14T13:36:17","guid":{"rendered":"https:\/\/streetmarkets.fr\/app\/produit\/top-manches-longues-h24-femme-ecru-100-laine-merinos-rws\/"},"modified":"2024-12-16T01:01:47","modified_gmt":"2024-12-16T00:01:47","slug":"top-manches-longues-h24-femme-ecru-100-laine-merinos-rws","status":"publish","type":"product","link":"https:\/\/streetmarkets.fr\/app\/produit\/top-manches-longues-h24-femme-ecru-100-laine-merinos-rws\/","title":{"rendered":"Top Manches Longues (H24 \/ FEMME \/ Ecru \/ 100% Laine M\u00e9rinos RWS)"},"content":{"rendered":"<p>Une maille moelleuse et ultra a\u00e9r\u00e9e s&#8217;invite sur ce top ajust\u00e9, confectionn\u00e9 en laine m\u00e9rinos certifi\u00e9e RWS (Responsible Wool Standard). Avec son col rond c\u00f4tel\u00e9, elle d\u00e9voile des d\u00e9coupes audacieuses le long des manches, orn\u00e9es de bijoux signatures dor\u00e9s Future. Pi\u00e8ce \u00e9l\u00e9gante et affirm\u00e9e, elle s&#8217;associe \u00e0 une jupe fluide pour un look r\u00e9solument chic.<\/p>\n<p>&#8211; Top en laine m\u00e9rinos Femme<br \/>\n<br \/>&#8211; Col rond c\u00f4tel\u00e9<br \/>\n<br \/>&#8211; Manches longues \u00e0 d\u00e9coupes et bijoux Future<br \/>\n<br \/>&#8211; Coupe slim<br \/>\n<br \/>&#8211; Laine m\u00e9rinos : respirante et thermor\u00e9gulatrice, elle peut \u00eatre port\u00e9e \u00e9t\u00e9 comme hiver<\/p>\n","protected":false},"excerpt":{"rendered":"<p>Une maille moelleuse et ultra a\u00e9r\u00e9e s&#8217;invite sur ce top ajust\u00e9, confectionn\u00e9 en laine m\u00e9rinos certifi\u00e9e RWS (Responsible Wool Standard). Avec son col rond c\u00f4tel\u00e9, elle d\u00e9voile des d\u00e9coupes audacieuses le long des manches, orn\u00e9es de bijoux signatures dor\u00e9s Future. Pi\u00e8ce \u00e9l\u00e9gante et affirm\u00e9e, elle s&#8217;associe \u00e0 une jupe fluide pour un look r\u00e9solument chic. [&hellip;]<\/p>\n","protected":false},"featured_media":689742,"comment_status":"open","ping_status":"closed","template":"","meta":[],"product_brand":[6868],"product_cat":[1756,1762],"product_tag":[2244],"acf":[],"_links":{"self":[{"href":"https:\/\/streetmarkets.fr\/app\/wp-json\/wp\/v2\/product\/689741"}],"collection":[{"href":"https:\/\/streetmarkets.fr\/app\/wp-json\/wp\/v2\/product"}],"about":[{"href":"https:\/\/streetmarkets.fr\/app\/wp-json\/wp\/v2\/types\/product"}],"replies":[{"embeddable":true,"href":"https:\/\/streetmarkets.fr\/app\/wp-json\/wp\/v2\/comments?post=689741"}],"wp:featuredmedia":[{"embeddable":true,"href":"https:\/\/streetmarkets.fr\/app\/wp-json\/wp\/v2\/media\/689742"}],"wp:attachment":[{"href":"https:\/\/streetmarkets.fr\/app\/wp-json\/wp\/v2\/media?parent=689741"}],"wp:term":[{"taxonomy":"product_brand","embeddable":true,"href":"https:\/\/streetmarkets.fr\/app\/wp-json\/wp\/v2\/product_brand?post=689741"},{"taxonomy":"product_cat","embeddable":true,"href":"https:\/\/streetmarkets.fr\/app\/wp-json\/wp\/v2\/product_cat?post=689741"},{"taxonomy":"product_tag","embeddable":true,"href":"https:\/\/streetmarkets.fr\/app\/wp-json\/wp\/v2\/product_tag?post=689741"}],"curies":[{"name":"wp","href":"https:\/\/api.w.org\/{rel}","templated":true}]}}