{"id":689730,"date":"2024-10-14T15:36:16","date_gmt":"2024-10-14T13:36:16","guid":{"rendered":"https:\/\/streetmarkets.fr\/app\/produit\/top-manches-longues-h24-femme-utopic-pink-100-laine-merinos-rws\/"},"modified":"2025-01-09T01:14:18","modified_gmt":"2025-01-09T00:14:18","slug":"top-manches-longues-h24-femme-utopic-pink-100-laine-merinos-rws","status":"publish","type":"product","link":"https:\/\/streetmarkets.fr\/app\/produit\/top-manches-longues-h24-femme-utopic-pink-100-laine-merinos-rws\/","title":{"rendered":"Top Manches Longues (H24 \/ FEMME \/ Utopic Pink \/ 100% Laine M\u00e9rinos RWS)"},"content":{"rendered":"<p>Coupe ajust\u00e9e et d\u00e9tails audacieux, ce top court confectionn\u00e9 en laine m\u00e9rinos vient r\u00e9veiller votre silhouette de saison. Muni de manches longues et de bords c\u00f4tel\u00e9s, il d\u00e9voile un d\u00e9collet\u00e9 en V et une fermeture orn\u00e9e de bijoux signatures Future. Mixez-le \u00e0 une robe fluide ou une jupe structur\u00e9e pour un look r\u00e9solument chic.<\/p>\n<p>&#8211; Top court en laine m\u00e9rinos Femme <br \/>&#8211; Col V <br \/>&#8211; Fermeture \u00e0 boutons bijoux Future <br \/>&#8211; Manches longues <br \/>&#8211; Bords c\u00f4tel\u00e9s <br \/>&#8211; Coupe slim <br \/>&#8211; Laine m\u00e9rinos : respirante et thermor\u00e9gulatrice, elle peut \u00eatre port\u00e9e \u00e9t\u00e9 comme hiver<\/p>\n","protected":false},"excerpt":{"rendered":"<p>Coupe ajust\u00e9e et d\u00e9tails audacieux, ce top court confectionn\u00e9 en laine m\u00e9rinos vient r\u00e9veiller votre silhouette de saison. Muni de manches longues et de bords c\u00f4tel\u00e9s, il d\u00e9voile un d\u00e9collet\u00e9 en V et une fermeture orn\u00e9e de bijoux signatures Future. Mixez-le \u00e0 une robe fluide ou une jupe structur\u00e9e pour un look r\u00e9solument chic. &#8211; [&hellip;]<\/p>\n","protected":false},"featured_media":689731,"comment_status":"open","ping_status":"closed","template":"","meta":[],"product_brand":[6868],"product_cat":[1756,1762],"product_tag":[2244],"acf":[],"_links":{"self":[{"href":"https:\/\/streetmarkets.fr\/app\/wp-json\/wp\/v2\/product\/689730"}],"collection":[{"href":"https:\/\/streetmarkets.fr\/app\/wp-json\/wp\/v2\/product"}],"about":[{"href":"https:\/\/streetmarkets.fr\/app\/wp-json\/wp\/v2\/types\/product"}],"replies":[{"embeddable":true,"href":"https:\/\/streetmarkets.fr\/app\/wp-json\/wp\/v2\/comments?post=689730"}],"wp:featuredmedia":[{"embeddable":true,"href":"https:\/\/streetmarkets.fr\/app\/wp-json\/wp\/v2\/media\/689731"}],"wp:attachment":[{"href":"https:\/\/streetmarkets.fr\/app\/wp-json\/wp\/v2\/media?parent=689730"}],"wp:term":[{"taxonomy":"product_brand","embeddable":true,"href":"https:\/\/streetmarkets.fr\/app\/wp-json\/wp\/v2\/product_brand?post=689730"},{"taxonomy":"product_cat","embeddable":true,"href":"https:\/\/streetmarkets.fr\/app\/wp-json\/wp\/v2\/product_cat?post=689730"},{"taxonomy":"product_tag","embeddable":true,"href":"https:\/\/streetmarkets.fr\/app\/wp-json\/wp\/v2\/product_tag?post=689730"}],"curies":[{"name":"wp","href":"https:\/\/api.w.org\/{rel}","templated":true}]}}