{"id":689661,"date":"2024-10-14T15:36:13","date_gmt":"2024-10-14T13:36:13","guid":{"rendered":"https:\/\/streetmarkets.fr\/app\/produit\/pull-col-rond-bandes-h24-homme-gris-chine-fonce-100-cachemire\/"},"modified":"2025-01-20T01:12:09","modified_gmt":"2025-01-20T00:12:09","slug":"pull-col-rond-bandes-h24-homme-gris-chine-fonce-100-cachemire","status":"publish","type":"product","link":"https:\/\/streetmarkets.fr\/app\/produit\/pull-col-rond-bandes-h24-homme-gris-chine-fonce-100-cachemire\/","title":{"rendered":"Pull Col Rond Bandes (H24 \/ HOMME \/ Gris Chin\u00e9 Fonc\u00e9 \/ 100% Cachemire)"},"content":{"rendered":"<p>Des bandes contrast\u00e9es se dessinent le long des manches de ce pull confectionn\u00e9 en cachemire 2 fils. Pi\u00e8ce signature du vestiaire From Future, il d\u00e9voile un col rond et des bords c\u00f4tel\u00e9s. Affirm\u00e9 et audacieux, mixez-le \u00e0 votre jean pr\u00e9f\u00e9r\u00e9.<\/p>\n<p>&#8211; Pull en cachemire 2 fils certifi\u00e9 GCS\u00ae Homme<br \/>\n<br \/>&#8211; Bandes contrast\u00e9es<br \/>\n<br \/>&#8211; Col rond<br \/>\n<br \/>&#8211; Manches longues<br \/>\n<br \/>&#8211; Bords c\u00f4tel\u00e9s<br \/>\n<br \/>&#8211; Coupe regular<br \/>\n<br \/>&#8211; Le Good Cashmere Standard\u00ae (GCS) est une norme ind\u00e9pendante pour un cachemire plus durable et plus responsable. Il vise \u00e0 am\u00e9liorer le bien-\u00eatre des ch\u00e8vres cachemire, les conditions de travail des \u00e9leveurs ainsi qu&#8217;\u00e0 prot\u00e9ger l&#8217;environnement.<\/p>\n","protected":false},"excerpt":{"rendered":"<p>Des bandes contrast\u00e9es se dessinent le long des manches de ce pull confectionn\u00e9 en cachemire 2 fils. Pi\u00e8ce signature du vestiaire From Future, il d\u00e9voile un col rond et des bords c\u00f4tel\u00e9s. Affirm\u00e9 et audacieux, mixez-le \u00e0 votre jean pr\u00e9f\u00e9r\u00e9. &#8211; Pull en cachemire 2 fils certifi\u00e9 GCS\u00ae Homme &#8211; Bandes contrast\u00e9es &#8211; Col rond [&hellip;]<\/p>\n","protected":false},"featured_media":689662,"comment_status":"open","ping_status":"closed","template":"","meta":[],"product_brand":[6868],"product_cat":[1756,1758],"product_tag":[2244],"acf":[],"_links":{"self":[{"href":"https:\/\/streetmarkets.fr\/app\/wp-json\/wp\/v2\/product\/689661"}],"collection":[{"href":"https:\/\/streetmarkets.fr\/app\/wp-json\/wp\/v2\/product"}],"about":[{"href":"https:\/\/streetmarkets.fr\/app\/wp-json\/wp\/v2\/types\/product"}],"replies":[{"embeddable":true,"href":"https:\/\/streetmarkets.fr\/app\/wp-json\/wp\/v2\/comments?post=689661"}],"wp:featuredmedia":[{"embeddable":true,"href":"https:\/\/streetmarkets.fr\/app\/wp-json\/wp\/v2\/media\/689662"}],"wp:attachment":[{"href":"https:\/\/streetmarkets.fr\/app\/wp-json\/wp\/v2\/media?parent=689661"}],"wp:term":[{"taxonomy":"product_brand","embeddable":true,"href":"https:\/\/streetmarkets.fr\/app\/wp-json\/wp\/v2\/product_brand?post=689661"},{"taxonomy":"product_cat","embeddable":true,"href":"https:\/\/streetmarkets.fr\/app\/wp-json\/wp\/v2\/product_cat?post=689661"},{"taxonomy":"product_tag","embeddable":true,"href":"https:\/\/streetmarkets.fr\/app\/wp-json\/wp\/v2\/product_tag?post=689661"}],"curies":[{"name":"wp","href":"https:\/\/api.w.org\/{rel}","templated":true}]}}