{"id":689643,"date":"2024-10-14T15:36:12","date_gmt":"2024-10-14T13:36:12","guid":{"rendered":"https:\/\/streetmarkets.fr\/app\/produit\/pull-col-rond-future-h24-homme-gris-chine-clair-100-cachemire\/"},"modified":"2025-03-12T01:15:00","modified_gmt":"2025-03-12T00:15:00","slug":"pull-col-rond-future-h24-homme-gris-chine-clair-100-cachemire","status":"publish","type":"product","link":"https:\/\/streetmarkets.fr\/app\/produit\/pull-col-rond-future-h24-homme-gris-chine-clair-100-cachemire\/","title":{"rendered":"Pull Col Rond Future (H24 \/ HOMME \/ Gris Chin\u00e9 Clair \/ 100% Cachemire)"},"content":{"rendered":"<p>Twistez votre silhouette de saison avec ce pull oversize, orn\u00e9e d&#8217;un jacquard contrast\u00e9 &#8220;Future Creative Division&#8221; \u00e0 l&#8217;avant. Confectionn\u00e9 en cachemire, il d\u00e9voile un col rond, des manches longues et des bords c\u00f4tel\u00e9s. Facile \u00e0 mixer, il s&#8217;associe \u00e0 un jogging d\u00e9contract\u00e9 ou un jean ample.<\/p>\n<p>&#8211; Pull en cachemire certifi\u00e9 GCS\u00ae Homme<br \/>\n<br \/>&#8211; Jacquard Future<br \/>\n<br \/>&#8211; Col rond<br \/>\n<br \/>&#8211; Manches longues<br \/>\n<br \/>&#8211; Bords c\u00f4tel\u00e9s<br \/>\n<br \/>&#8211; Coupe oversize<br \/>\n<br \/>&#8211; Le Good Cashmere Standard\u00ae (GCS) est une norme ind\u00e9pendante pour un cachemire plus durable et plus responsable. Il vise \u00e0 am\u00e9liorer le bien-\u00eatre des ch\u00e8vres cachemire, les conditions de travail des \u00e9leveurs ainsi qu&#8217;\u00e0 prot\u00e9ger l&#8217;environnement.<br \/>&#8211; <u>Cachemire 2 fils<\/u> <\/p>\n","protected":false},"excerpt":{"rendered":"<p>Twistez votre silhouette de saison avec ce pull oversize, orn\u00e9e d&#8217;un jacquard contrast\u00e9 &#8220;Future Creative Division&#8221; \u00e0 l&#8217;avant. Confectionn\u00e9 en cachemire, il d\u00e9voile un col rond, des manches longues et des bords c\u00f4tel\u00e9s. Facile \u00e0 mixer, il s&#8217;associe \u00e0 un jogging d\u00e9contract\u00e9 ou un jean ample. &#8211; Pull en cachemire certifi\u00e9 GCS\u00ae Homme &#8211; Jacquard [&hellip;]<\/p>\n","protected":false},"featured_media":689644,"comment_status":"open","ping_status":"closed","template":"","meta":[],"product_brand":[6868],"product_cat":[1756,1758],"product_tag":[2244],"acf":[],"_links":{"self":[{"href":"https:\/\/streetmarkets.fr\/app\/wp-json\/wp\/v2\/product\/689643"}],"collection":[{"href":"https:\/\/streetmarkets.fr\/app\/wp-json\/wp\/v2\/product"}],"about":[{"href":"https:\/\/streetmarkets.fr\/app\/wp-json\/wp\/v2\/types\/product"}],"replies":[{"embeddable":true,"href":"https:\/\/streetmarkets.fr\/app\/wp-json\/wp\/v2\/comments?post=689643"}],"wp:featuredmedia":[{"embeddable":true,"href":"https:\/\/streetmarkets.fr\/app\/wp-json\/wp\/v2\/media\/689644"}],"wp:attachment":[{"href":"https:\/\/streetmarkets.fr\/app\/wp-json\/wp\/v2\/media?parent=689643"}],"wp:term":[{"taxonomy":"product_brand","embeddable":true,"href":"https:\/\/streetmarkets.fr\/app\/wp-json\/wp\/v2\/product_brand?post=689643"},{"taxonomy":"product_cat","embeddable":true,"href":"https:\/\/streetmarkets.fr\/app\/wp-json\/wp\/v2\/product_cat?post=689643"},{"taxonomy":"product_tag","embeddable":true,"href":"https:\/\/streetmarkets.fr\/app\/wp-json\/wp\/v2\/product_tag?post=689643"}],"curies":[{"name":"wp","href":"https:\/\/api.w.org\/{rel}","templated":true}]}}