{"id":689631,"date":"2024-10-14T15:36:12","date_gmt":"2024-10-14T13:36:12","guid":{"rendered":"https:\/\/streetmarkets.fr\/app\/produit\/pull-col-polo-h24-femme-dark-blue-mouli-100-cachemire\/"},"modified":"2024-12-10T01:04:13","modified_gmt":"2024-12-10T00:04:13","slug":"pull-col-polo-h24-femme-dark-blue-mouli-100-cachemire","status":"publish","type":"product","link":"https:\/\/streetmarkets.fr\/app\/produit\/pull-col-polo-h24-femme-dark-blue-mouli-100-cachemire\/","title":{"rendered":"Pull Col Polo (H24 \/ FEMME \/ Dark Blue Mouli \/ 100% Cachemire)"},"content":{"rendered":"<p>Une maille douce et bicolore pour ce pull long et oversize, confectionn\u00e9 en cachemire. Muni de manches longues \u00e9vas\u00e9es, des bords contrast\u00e9s structurent un col polo et des poignets fendus. Pour un look chic et d\u00e9contract\u00e9, associez-le \u00e0 un pantalon de tailleur ou une jupe fluide.<\/p>\n<p>&#8211; Pull long en cachemire certifi\u00e9 GCS\u00ae Femme<br \/>\n<br \/>&#8211; Bicolore<br \/>\n<br \/>&#8211; Col polo contrast\u00e9<br \/>\n<br \/>&#8211; Manches longues \u00e9vas\u00e9es<br \/>\n<br \/>&#8211; Poignets fendus contrast\u00e9s<br \/>\n<br \/>&#8211; Bords c\u00f4tel\u00e9s<br \/>\n<br \/>&#8211; Coupe oversize<br \/>\n<br \/>&#8211; Le Good Cashmere Standard\u00ae (GCS) est une norme ind\u00e9pendante pour un cachemire plus durable et plus responsable. Il vise \u00e0 am\u00e9liorer le bien-\u00eatre des ch\u00e8vres cachemire, les conditions de travail des \u00e9leveurs ainsi qu&#8217;\u00e0 prot\u00e9ger l&#8217;environnement.<br \/>&#8211; <u>Cachemire 6 fils<\/u> <\/p>\n","protected":false},"excerpt":{"rendered":"<p>Une maille douce et bicolore pour ce pull long et oversize, confectionn\u00e9 en cachemire. Muni de manches longues \u00e9vas\u00e9es, des bords contrast\u00e9s structurent un col polo et des poignets fendus. Pour un look chic et d\u00e9contract\u00e9, associez-le \u00e0 un pantalon de tailleur ou une jupe fluide. &#8211; Pull long en cachemire certifi\u00e9 GCS\u00ae Femme &#8211; [&hellip;]<\/p>\n","protected":false},"featured_media":689632,"comment_status":"open","ping_status":"closed","template":"","meta":[],"product_brand":[6868],"product_cat":[1756,1762],"product_tag":[2244],"acf":[],"_links":{"self":[{"href":"https:\/\/streetmarkets.fr\/app\/wp-json\/wp\/v2\/product\/689631"}],"collection":[{"href":"https:\/\/streetmarkets.fr\/app\/wp-json\/wp\/v2\/product"}],"about":[{"href":"https:\/\/streetmarkets.fr\/app\/wp-json\/wp\/v2\/types\/product"}],"replies":[{"embeddable":true,"href":"https:\/\/streetmarkets.fr\/app\/wp-json\/wp\/v2\/comments?post=689631"}],"wp:featuredmedia":[{"embeddable":true,"href":"https:\/\/streetmarkets.fr\/app\/wp-json\/wp\/v2\/media\/689632"}],"wp:attachment":[{"href":"https:\/\/streetmarkets.fr\/app\/wp-json\/wp\/v2\/media?parent=689631"}],"wp:term":[{"taxonomy":"product_brand","embeddable":true,"href":"https:\/\/streetmarkets.fr\/app\/wp-json\/wp\/v2\/product_brand?post=689631"},{"taxonomy":"product_cat","embeddable":true,"href":"https:\/\/streetmarkets.fr\/app\/wp-json\/wp\/v2\/product_cat?post=689631"},{"taxonomy":"product_tag","embeddable":true,"href":"https:\/\/streetmarkets.fr\/app\/wp-json\/wp\/v2\/product_tag?post=689631"}],"curies":[{"name":"wp","href":"https:\/\/api.w.org\/{rel}","templated":true}]}}