{"id":689599,"date":"2024-10-14T15:36:10","date_gmt":"2024-10-14T13:36:10","guid":{"rendered":"https:\/\/streetmarkets.fr\/app\/produit\/pull-col-rond-h24-femme-gris-chine-clair-100-cachemire\/"},"modified":"2025-03-05T00:57:53","modified_gmt":"2025-03-04T23:57:53","slug":"pull-col-rond-h24-femme-gris-chine-clair-100-cachemire","status":"publish","type":"product","link":"https:\/\/streetmarkets.fr\/app\/produit\/pull-col-rond-h24-femme-gris-chine-clair-100-cachemire\/","title":{"rendered":"Pull Col Rond (H24 \/ FEMME \/ Gris Chin\u00e9 Clair \/ 100% Cachemire)"},"content":{"rendered":"<p>Jouez la carte de l&#8217;audace avec ce pull bicolore confectionn\u00e9 en cachemire. Muni de manches longues, il arbore un col rond contrast\u00e9 et un motif X aux lignes affirm\u00e9s. Structurez votre silhouette en l&#8217;associant \u00e0 une jupe courte ou un pantalon de tailleur. <\/p>\n<p>&#8211; Pull en cachemire certifi\u00e9 GCS\u00ae Femme<br \/>\n<br \/>&#8211; Motif intarsia X<br \/>\n<br \/>&#8211; Col rond contrast\u00e9<br \/>\n<br \/>&#8211; Manches longues<br \/>\n<br \/>&#8211; Bords c\u00f4tel\u00e9s<br \/>\n<br \/>&#8211; Coupe regular<br \/>\n<br \/>&#8211; Le Good Cashmere Standard\u00ae (GCS) est une norme ind\u00e9pendante pour un cachemire plus durable et plus responsable. Il vise \u00e0 am\u00e9liorer le bien-\u00eatre des ch\u00e8vres cachemire, les conditions de travail des \u00e9leveurs ainsi qu&#8217;\u00e0 prot\u00e9ger l&#8217;environnement.<br \/>&#8211; <u>Cachemire 2 fils<\/u> <\/p>\n","protected":false},"excerpt":{"rendered":"<p>Jouez la carte de l&#8217;audace avec ce pull bicolore confectionn\u00e9 en cachemire. Muni de manches longues, il arbore un col rond contrast\u00e9 et un motif X aux lignes affirm\u00e9s. Structurez votre silhouette en l&#8217;associant \u00e0 une jupe courte ou un pantalon de tailleur. &#8211; Pull en cachemire certifi\u00e9 GCS\u00ae Femme &#8211; Motif intarsia X &#8211; [&hellip;]<\/p>\n","protected":false},"featured_media":689600,"comment_status":"open","ping_status":"closed","template":"","meta":[],"product_brand":[6868],"product_cat":[1756,1762],"product_tag":[2244],"acf":[],"_links":{"self":[{"href":"https:\/\/streetmarkets.fr\/app\/wp-json\/wp\/v2\/product\/689599"}],"collection":[{"href":"https:\/\/streetmarkets.fr\/app\/wp-json\/wp\/v2\/product"}],"about":[{"href":"https:\/\/streetmarkets.fr\/app\/wp-json\/wp\/v2\/types\/product"}],"replies":[{"embeddable":true,"href":"https:\/\/streetmarkets.fr\/app\/wp-json\/wp\/v2\/comments?post=689599"}],"wp:featuredmedia":[{"embeddable":true,"href":"https:\/\/streetmarkets.fr\/app\/wp-json\/wp\/v2\/media\/689600"}],"wp:attachment":[{"href":"https:\/\/streetmarkets.fr\/app\/wp-json\/wp\/v2\/media?parent=689599"}],"wp:term":[{"taxonomy":"product_brand","embeddable":true,"href":"https:\/\/streetmarkets.fr\/app\/wp-json\/wp\/v2\/product_brand?post=689599"},{"taxonomy":"product_cat","embeddable":true,"href":"https:\/\/streetmarkets.fr\/app\/wp-json\/wp\/v2\/product_cat?post=689599"},{"taxonomy":"product_tag","embeddable":true,"href":"https:\/\/streetmarkets.fr\/app\/wp-json\/wp\/v2\/product_tag?post=689599"}],"curies":[{"name":"wp","href":"https:\/\/api.w.org\/{rel}","templated":true}]}}