{"id":689556,"date":"2024-10-14T15:36:08","date_gmt":"2024-10-14T13:36:08","guid":{"rendered":"https:\/\/streetmarkets.fr\/app\/produit\/pull-sans-manche-a-motif-losange-h24-femme-taupe-100-cachemire\/"},"modified":"2025-03-16T00:56:28","modified_gmt":"2025-03-15T23:56:28","slug":"pull-sans-manche-a-motif-losange-h24-femme-taupe-100-cachemire","status":"publish","type":"product","link":"https:\/\/streetmarkets.fr\/app\/produit\/pull-sans-manche-a-motif-losange-h24-femme-taupe-100-cachemire\/","title":{"rendered":"Pull Sans Manches \u00e0 Motif Losange (H24 \/ FEMME \/ Taupe \/ 100% Cachemire)"},"content":{"rendered":"<p>Twistez votre allure de saison avec ce pull court sans manches orn\u00e9 de losanges contrast\u00e9s. Confectionn\u00e9 en cachemire, il d\u00e9voile une coupe oversize et structur\u00e9e d&#8217;un col rond et de bords c\u00f4tel\u00e9s. \u00c9l\u00e9gant et versatile, il se porte aussi bien seul qu&#8217;en superposition.\n<\/p>\n<p>&#8211; Pull court sans manches en cachemire Femme <br \/>&#8211; Motifs losanges <br \/>&#8211; Broderie F ton sur ton <br \/>&#8211; Col rond <br \/>&#8211; Bords c\u00f4tel\u00e9s <br \/>&#8211; Coupe oversize<br \/>&#8211; <u>Cachemire 4 fils<\/u> <\/p>\n","protected":false},"excerpt":{"rendered":"<p>Twistez votre allure de saison avec ce pull court sans manches orn\u00e9 de losanges contrast\u00e9s. Confectionn\u00e9 en cachemire, il d\u00e9voile une coupe oversize et structur\u00e9e d&#8217;un col rond et de bords c\u00f4tel\u00e9s. \u00c9l\u00e9gant et versatile, il se porte aussi bien seul qu&#8217;en superposition. &#8211; Pull court sans manches en cachemire Femme &#8211; Motifs losanges &#8211; [&hellip;]<\/p>\n","protected":false},"featured_media":689557,"comment_status":"open","ping_status":"closed","template":"","meta":[],"product_brand":[6868],"product_cat":[1756,1762],"product_tag":[2244],"acf":[],"_links":{"self":[{"href":"https:\/\/streetmarkets.fr\/app\/wp-json\/wp\/v2\/product\/689556"}],"collection":[{"href":"https:\/\/streetmarkets.fr\/app\/wp-json\/wp\/v2\/product"}],"about":[{"href":"https:\/\/streetmarkets.fr\/app\/wp-json\/wp\/v2\/types\/product"}],"replies":[{"embeddable":true,"href":"https:\/\/streetmarkets.fr\/app\/wp-json\/wp\/v2\/comments?post=689556"}],"wp:featuredmedia":[{"embeddable":true,"href":"https:\/\/streetmarkets.fr\/app\/wp-json\/wp\/v2\/media\/689557"}],"wp:attachment":[{"href":"https:\/\/streetmarkets.fr\/app\/wp-json\/wp\/v2\/media?parent=689556"}],"wp:term":[{"taxonomy":"product_brand","embeddable":true,"href":"https:\/\/streetmarkets.fr\/app\/wp-json\/wp\/v2\/product_brand?post=689556"},{"taxonomy":"product_cat","embeddable":true,"href":"https:\/\/streetmarkets.fr\/app\/wp-json\/wp\/v2\/product_cat?post=689556"},{"taxonomy":"product_tag","embeddable":true,"href":"https:\/\/streetmarkets.fr\/app\/wp-json\/wp\/v2\/product_tag?post=689556"}],"curies":[{"name":"wp","href":"https:\/\/api.w.org\/{rel}","templated":true}]}}