{"id":689483,"date":"2024-10-14T15:35:39","date_gmt":"2024-10-14T13:35:39","guid":{"rendered":"https:\/\/streetmarkets.fr\/app\/produit\/t-shirt-col-rond-manches-courtes-h24-femme-noir\/"},"modified":"2025-03-16T00:56:28","modified_gmt":"2025-03-15T23:56:28","slug":"t-shirt-col-rond-manches-courtes-h24-femme-noir","status":"publish","type":"product","link":"https:\/\/streetmarkets.fr\/app\/produit\/t-shirt-col-rond-manches-courtes-h24-femme-noir\/","title":{"rendered":"T-shirt Col Rond Manches Courtes (H24 \/ FEMME \/ Noir)"},"content":{"rendered":"<p>Pi\u00e8ce incontournable du vestiaire f\u00e9minin, ce t-shirt en coton d\u00e9voile une coupe ajust\u00e9e, un col rond et des manches courtes. Un basique \u00e0 porter sans mod\u00e9ration pour accompagner tous vos looks.<\/p>\n<p>\n<br \/>&#8211; T-shirt en coton Femme<br \/>\n<br \/>&#8211; Col rond<br \/>\n<br \/>&#8211; Manches courtes<br \/>\n<br \/>&#8211; Coupe regular<br \/>\n<br \/>&#8211; Fabriqu\u00e9 au Portugal<\/p>\n","protected":false},"excerpt":{"rendered":"<p>Pi\u00e8ce incontournable du vestiaire f\u00e9minin, ce t-shirt en coton d\u00e9voile une coupe ajust\u00e9e, un col rond et des manches courtes. Un basique \u00e0 porter sans mod\u00e9ration pour accompagner tous vos looks. &#8211; T-shirt en coton Femme &#8211; Col rond &#8211; Manches courtes &#8211; Coupe regular &#8211; Fabriqu\u00e9 au Portugal<\/p>\n","protected":false},"featured_media":689484,"comment_status":"open","ping_status":"closed","template":"","meta":[],"product_brand":[6868],"product_cat":[1756,1762],"product_tag":[2244],"acf":[],"_links":{"self":[{"href":"https:\/\/streetmarkets.fr\/app\/wp-json\/wp\/v2\/product\/689483"}],"collection":[{"href":"https:\/\/streetmarkets.fr\/app\/wp-json\/wp\/v2\/product"}],"about":[{"href":"https:\/\/streetmarkets.fr\/app\/wp-json\/wp\/v2\/types\/product"}],"replies":[{"embeddable":true,"href":"https:\/\/streetmarkets.fr\/app\/wp-json\/wp\/v2\/comments?post=689483"}],"wp:featuredmedia":[{"embeddable":true,"href":"https:\/\/streetmarkets.fr\/app\/wp-json\/wp\/v2\/media\/689484"}],"wp:attachment":[{"href":"https:\/\/streetmarkets.fr\/app\/wp-json\/wp\/v2\/media?parent=689483"}],"wp:term":[{"taxonomy":"product_brand","embeddable":true,"href":"https:\/\/streetmarkets.fr\/app\/wp-json\/wp\/v2\/product_brand?post=689483"},{"taxonomy":"product_cat","embeddable":true,"href":"https:\/\/streetmarkets.fr\/app\/wp-json\/wp\/v2\/product_cat?post=689483"},{"taxonomy":"product_tag","embeddable":true,"href":"https:\/\/streetmarkets.fr\/app\/wp-json\/wp\/v2\/product_tag?post=689483"}],"curies":[{"name":"wp","href":"https:\/\/api.w.org\/{rel}","templated":true}]}}