{"id":689446,"date":"2024-10-14T15:35:37","date_gmt":"2024-10-14T13:35:37","guid":{"rendered":"https:\/\/streetmarkets.fr\/app\/produit\/t-shirt-col-rond-coeur-h24-femme-noir\/"},"modified":"2025-02-04T01:04:35","modified_gmt":"2025-02-04T00:04:35","slug":"t-shirt-col-rond-coeur-h24-femme-noir","status":"publish","type":"product","link":"https:\/\/streetmarkets.fr\/app\/produit\/t-shirt-col-rond-coeur-h24-femme-noir\/","title":{"rendered":"T-shirt Col Rond Coeur (H24 \/ FEMME \/ Noir)"},"content":{"rendered":"<p>Rejoignez le Club avec cet incontournable du vestiaire From Future ! Muni d&#8217;un col rond et de manches courtes, ce t-shirt en coton d\u00e9voile un c\u0153ur signature sur la poitrine. Facile \u00e0 mixer, il s&#8217;associe \u00e0 un jean structur\u00e9 ou une jupe fluide.<\/p>\n<p>&#8211; T-shirt en coton Femme<br \/>\n<br \/>&#8211; C\u0153ur &#8220;Future&#8221; sur la poitrine<br \/>\n<br \/>&#8211; Col rond<br \/>\n<br \/>&#8211; Manches courtes<br \/>\n<br \/>&#8211; Cope regular<br \/>\n<br \/>&#8211; Fabriqu\u00e9 au Portugal<\/p>\n","protected":false},"excerpt":{"rendered":"<p>Rejoignez le Club avec cet incontournable du vestiaire From Future ! Muni d&#8217;un col rond et de manches courtes, ce t-shirt en coton d\u00e9voile un c\u0153ur signature sur la poitrine. Facile \u00e0 mixer, il s&#8217;associe \u00e0 un jean structur\u00e9 ou une jupe fluide. &#8211; T-shirt en coton Femme &#8211; C\u0153ur &#8220;Future&#8221; sur la poitrine &#8211; [&hellip;]<\/p>\n","protected":false},"featured_media":689447,"comment_status":"open","ping_status":"closed","template":"","meta":[],"product_brand":[6868],"product_cat":[1756,1762],"product_tag":[2244],"acf":[],"_links":{"self":[{"href":"https:\/\/streetmarkets.fr\/app\/wp-json\/wp\/v2\/product\/689446"}],"collection":[{"href":"https:\/\/streetmarkets.fr\/app\/wp-json\/wp\/v2\/product"}],"about":[{"href":"https:\/\/streetmarkets.fr\/app\/wp-json\/wp\/v2\/types\/product"}],"replies":[{"embeddable":true,"href":"https:\/\/streetmarkets.fr\/app\/wp-json\/wp\/v2\/comments?post=689446"}],"wp:featuredmedia":[{"embeddable":true,"href":"https:\/\/streetmarkets.fr\/app\/wp-json\/wp\/v2\/media\/689447"}],"wp:attachment":[{"href":"https:\/\/streetmarkets.fr\/app\/wp-json\/wp\/v2\/media?parent=689446"}],"wp:term":[{"taxonomy":"product_brand","embeddable":true,"href":"https:\/\/streetmarkets.fr\/app\/wp-json\/wp\/v2\/product_brand?post=689446"},{"taxonomy":"product_cat","embeddable":true,"href":"https:\/\/streetmarkets.fr\/app\/wp-json\/wp\/v2\/product_cat?post=689446"},{"taxonomy":"product_tag","embeddable":true,"href":"https:\/\/streetmarkets.fr\/app\/wp-json\/wp\/v2\/product_tag?post=689446"}],"curies":[{"name":"wp","href":"https:\/\/api.w.org\/{rel}","templated":true}]}}