{"id":689402,"date":"2024-10-14T15:35:35","date_gmt":"2024-10-14T13:35:35","guid":{"rendered":"https:\/\/streetmarkets.fr\/app\/produit\/t-shirt-col-v-supima-h24-femme-noir\/"},"modified":"2025-02-04T01:04:35","modified_gmt":"2025-02-04T00:04:35","slug":"t-shirt-col-v-supima-h24-femme-noir","status":"publish","type":"product","link":"https:\/\/streetmarkets.fr\/app\/produit\/t-shirt-col-v-supima-h24-femme-noir\/","title":{"rendered":"T-shirt Col V Supima (H24 \/ FEMME \/ Noir)"},"content":{"rendered":"<p>Pi\u00e8ce incontournable du vestiaire f\u00e9minin, ce t-shirt en coton d\u00e9voile une coupe ajust\u00e9e, un col V et des manches courtes. Un basique \u00e0 porter sans mod\u00e9ration pour accompagner tous vos looks.<br \/>\n<br \/>Reconnu pour sa fibre longue, garantissant douceur et confort ultimes, le coton Supima est d&#8217;une qualit\u00e9 exceptionnelle.<br \/>\n<br \/>L\u00e9ger et durable, il est d&#8217;une grande r\u00e9sistance. <\/p>\n<p>&#8211; T-shirt en coton Supima Femme<br \/>\n<br \/>&#8211; Col V<br \/>\n<br \/>&#8211; Manches courtes<br \/>\n<br \/>&#8211; Coupe slim<br \/>\n<br \/>&#8211; Fabriqu\u00e9 au Portugal<\/p>\n","protected":false},"excerpt":{"rendered":"<p>Pi\u00e8ce incontournable du vestiaire f\u00e9minin, ce t-shirt en coton d\u00e9voile une coupe ajust\u00e9e, un col V et des manches courtes. Un basique \u00e0 porter sans mod\u00e9ration pour accompagner tous vos looks. Reconnu pour sa fibre longue, garantissant douceur et confort ultimes, le coton Supima est d&#8217;une qualit\u00e9 exceptionnelle. L\u00e9ger et durable, il est d&#8217;une grande [&hellip;]<\/p>\n","protected":false},"featured_media":689403,"comment_status":"open","ping_status":"closed","template":"","meta":[],"product_brand":[6868],"product_cat":[1756,1762],"product_tag":[2244],"acf":[],"_links":{"self":[{"href":"https:\/\/streetmarkets.fr\/app\/wp-json\/wp\/v2\/product\/689402"}],"collection":[{"href":"https:\/\/streetmarkets.fr\/app\/wp-json\/wp\/v2\/product"}],"about":[{"href":"https:\/\/streetmarkets.fr\/app\/wp-json\/wp\/v2\/types\/product"}],"replies":[{"embeddable":true,"href":"https:\/\/streetmarkets.fr\/app\/wp-json\/wp\/v2\/comments?post=689402"}],"wp:featuredmedia":[{"embeddable":true,"href":"https:\/\/streetmarkets.fr\/app\/wp-json\/wp\/v2\/media\/689403"}],"wp:attachment":[{"href":"https:\/\/streetmarkets.fr\/app\/wp-json\/wp\/v2\/media?parent=689402"}],"wp:term":[{"taxonomy":"product_brand","embeddable":true,"href":"https:\/\/streetmarkets.fr\/app\/wp-json\/wp\/v2\/product_brand?post=689402"},{"taxonomy":"product_cat","embeddable":true,"href":"https:\/\/streetmarkets.fr\/app\/wp-json\/wp\/v2\/product_cat?post=689402"},{"taxonomy":"product_tag","embeddable":true,"href":"https:\/\/streetmarkets.fr\/app\/wp-json\/wp\/v2\/product_tag?post=689402"}],"curies":[{"name":"wp","href":"https:\/\/api.w.org\/{rel}","templated":true}]}}