{"id":689340,"date":"2024-10-14T15:35:32","date_gmt":"2024-10-14T13:35:32","guid":{"rendered":"https:\/\/streetmarkets.fr\/app\/produit\/jogging-droit-coeur-h24-femme-noir\/"},"modified":"2025-03-15T01:03:20","modified_gmt":"2025-03-15T00:03:20","slug":"jogging-droit-coeur-h24-femme-noir","status":"publish","type":"product","link":"https:\/\/streetmarkets.fr\/app\/produit\/jogging-droit-coeur-h24-femme-noir\/","title":{"rendered":"Jogging Droit Coeur (H24 \/ FEMME \/ Noir )"},"content":{"rendered":"<p>Un c\u0153ur floqu\u00e9 &#8220;FUTURE&#8221; se d\u00e9voile sur ce jogging droit en molleton muni d&#8217;une taille \u00e9lastiqu\u00e9e. Rejoignez le Club avec cet essentiel du vestiaire From Future !<\/p>\n<p>&#8211; Jogging droit en coton femme<br \/>\n<br \/>&#8211; Molletonn\u00e9<br \/>\n<br \/>&#8211; C\u0153ur floqu\u00e9 &#8220;FUTURE&#8221;<br \/>\n<br \/>&#8211; Cordon de serrage \u00e0 la taille<br \/>\n<br \/>&#8211; Resserr\u00e9 aux chevilles<br \/>\n<br \/>&#8211; Coupe regular<br \/>\n<br \/>&#8211; Fabriqu\u00e9 au Portugal<\/p>\n","protected":false},"excerpt":{"rendered":"<p>Un c\u0153ur floqu\u00e9 &#8220;FUTURE&#8221; se d\u00e9voile sur ce jogging droit en molleton muni d&#8217;une taille \u00e9lastiqu\u00e9e. Rejoignez le Club avec cet essentiel du vestiaire From Future ! &#8211; Jogging droit en coton femme &#8211; Molletonn\u00e9 &#8211; C\u0153ur floqu\u00e9 &#8220;FUTURE&#8221; &#8211; Cordon de serrage \u00e0 la taille &#8211; Resserr\u00e9 aux chevilles &#8211; Coupe regular &#8211; Fabriqu\u00e9 [&hellip;]<\/p>\n","protected":false},"featured_media":689341,"comment_status":"open","ping_status":"closed","template":"","meta":[],"product_brand":[6868],"product_cat":[1756,1762],"product_tag":[2244],"acf":[],"_links":{"self":[{"href":"https:\/\/streetmarkets.fr\/app\/wp-json\/wp\/v2\/product\/689340"}],"collection":[{"href":"https:\/\/streetmarkets.fr\/app\/wp-json\/wp\/v2\/product"}],"about":[{"href":"https:\/\/streetmarkets.fr\/app\/wp-json\/wp\/v2\/types\/product"}],"replies":[{"embeddable":true,"href":"https:\/\/streetmarkets.fr\/app\/wp-json\/wp\/v2\/comments?post=689340"}],"wp:featuredmedia":[{"embeddable":true,"href":"https:\/\/streetmarkets.fr\/app\/wp-json\/wp\/v2\/media\/689341"}],"wp:attachment":[{"href":"https:\/\/streetmarkets.fr\/app\/wp-json\/wp\/v2\/media?parent=689340"}],"wp:term":[{"taxonomy":"product_brand","embeddable":true,"href":"https:\/\/streetmarkets.fr\/app\/wp-json\/wp\/v2\/product_brand?post=689340"},{"taxonomy":"product_cat","embeddable":true,"href":"https:\/\/streetmarkets.fr\/app\/wp-json\/wp\/v2\/product_cat?post=689340"},{"taxonomy":"product_tag","embeddable":true,"href":"https:\/\/streetmarkets.fr\/app\/wp-json\/wp\/v2\/product_tag?post=689340"}],"curies":[{"name":"wp","href":"https:\/\/api.w.org\/{rel}","templated":true}]}}