{"id":689322,"date":"2024-10-14T15:35:31","date_gmt":"2024-10-14T13:35:31","guid":{"rendered":"https:\/\/streetmarkets.fr\/app\/produit\/t-shirt-col-rond-coeur-h24-homme-noir-100-laine-merinos-rws\/"},"modified":"2025-01-29T01:02:19","modified_gmt":"2025-01-29T00:02:19","slug":"t-shirt-col-rond-coeur-h24-homme-noir-100-laine-merinos-rws","status":"publish","type":"product","link":"https:\/\/streetmarkets.fr\/app\/produit\/t-shirt-col-rond-coeur-h24-homme-noir-100-laine-merinos-rws\/","title":{"rendered":"T-shirt Col Rond Coeur (H24 \/ HOMME \/ Noir \/ 100% Laine M\u00e9rinos RWS)"},"content":{"rendered":"<p>Rejoignez le Club avec cet incontournable du vestiaire From Future ! Muni d&#8217;un col rond et de manches courtes, ce t-shirt en coton d\u00e9voile un c\u0153ur signature sur la poitrine. Facile \u00e0 mixer, il s&#8217;associe \u00e0 un jean ample ou un pantalon structur\u00e9. <\/p>\n<p>&#8211; T-shirt en coton Homme <br \/>&#8211; C\u0153ur &#8220;Future&#8221; sur la poitrine <br \/>&#8211; Col rond <br \/>&#8211; Manches courtes <br \/>&#8211; Coupe regular <br \/>&#8211; Fabriqu\u00e9 au Portugal<\/p>\n","protected":false},"excerpt":{"rendered":"<p>Rejoignez le Club avec cet incontournable du vestiaire From Future ! Muni d&#8217;un col rond et de manches courtes, ce t-shirt en coton d\u00e9voile un c\u0153ur signature sur la poitrine. Facile \u00e0 mixer, il s&#8217;associe \u00e0 un jean ample ou un pantalon structur\u00e9. &#8211; T-shirt en coton Homme &#8211; C\u0153ur &#8220;Future&#8221; sur la poitrine &#8211; [&hellip;]<\/p>\n","protected":false},"featured_media":689323,"comment_status":"open","ping_status":"closed","template":"","meta":[],"product_brand":[6868],"product_cat":[1756,1758],"product_tag":[2244],"acf":[],"_links":{"self":[{"href":"https:\/\/streetmarkets.fr\/app\/wp-json\/wp\/v2\/product\/689322"}],"collection":[{"href":"https:\/\/streetmarkets.fr\/app\/wp-json\/wp\/v2\/product"}],"about":[{"href":"https:\/\/streetmarkets.fr\/app\/wp-json\/wp\/v2\/types\/product"}],"replies":[{"embeddable":true,"href":"https:\/\/streetmarkets.fr\/app\/wp-json\/wp\/v2\/comments?post=689322"}],"wp:featuredmedia":[{"embeddable":true,"href":"https:\/\/streetmarkets.fr\/app\/wp-json\/wp\/v2\/media\/689323"}],"wp:attachment":[{"href":"https:\/\/streetmarkets.fr\/app\/wp-json\/wp\/v2\/media?parent=689322"}],"wp:term":[{"taxonomy":"product_brand","embeddable":true,"href":"https:\/\/streetmarkets.fr\/app\/wp-json\/wp\/v2\/product_brand?post=689322"},{"taxonomy":"product_cat","embeddable":true,"href":"https:\/\/streetmarkets.fr\/app\/wp-json\/wp\/v2\/product_cat?post=689322"},{"taxonomy":"product_tag","embeddable":true,"href":"https:\/\/streetmarkets.fr\/app\/wp-json\/wp\/v2\/product_tag?post=689322"}],"curies":[{"name":"wp","href":"https:\/\/api.w.org\/{rel}","templated":true}]}}