{"id":689276,"date":"2024-10-14T15:35:28","date_gmt":"2024-10-14T13:35:28","guid":{"rendered":"https:\/\/streetmarkets.fr\/app\/produit\/sweatshirt-hoodie-coeur-h24-homme-noir-100-laine-merinos-rws\/"},"modified":"2025-03-15T01:03:20","modified_gmt":"2025-03-15T00:03:20","slug":"sweatshirt-hoodie-coeur-h24-homme-noir-100-laine-merinos-rws","status":"publish","type":"product","link":"https:\/\/streetmarkets.fr\/app\/produit\/sweatshirt-hoodie-coeur-h24-homme-noir-100-laine-merinos-rws\/","title":{"rendered":"Sweatshirt Hoodie Coeur (H24 \/ HOMME \/ Noir)"},"content":{"rendered":"<p>Muni d&#8217;une capuche \u00e0 cordons, d&#8217;une poche avant et de manches longues, ce sweatshirt hoodie ovesize en coton d\u00e9voile un c\u0153ur brod\u00e9 &#8220;FUTURE&#8221; sur la poitrine.<br \/>\n<br \/>Facile \u00e0 mixer, cet essentiel se porte sans mod\u00e9ration pour accompagner vos looks. Rejoignez le Club !<\/p>\n<p>&#8211; Sweatshirt hoodie en coton Homme<br \/>\n<br \/>&#8211; C\u0153ur &#8220;FUTURE&#8221; sur la poitrine<br \/>\n<br \/>&#8211; Capuche \u00e0 cordons<br \/>\n<br \/>&#8211; Manches longues<br \/>\n<br \/>&#8211; Poche avant<br \/>\n<br \/>&#8211; Coupe oversize<br \/>\n<br \/>&#8211; Fabriqu\u00e9 au Portugal<\/p>\n","protected":false},"excerpt":{"rendered":"<p>Muni d&#8217;une capuche \u00e0 cordons, d&#8217;une poche avant et de manches longues, ce sweatshirt hoodie ovesize en coton d\u00e9voile un c\u0153ur brod\u00e9 &#8220;FUTURE&#8221; sur la poitrine. Facile \u00e0 mixer, cet essentiel se porte sans mod\u00e9ration pour accompagner vos looks. Rejoignez le Club ! &#8211; Sweatshirt hoodie en coton Homme &#8211; C\u0153ur &#8220;FUTURE&#8221; sur la poitrine [&hellip;]<\/p>\n","protected":false},"featured_media":689277,"comment_status":"open","ping_status":"closed","template":"","meta":[],"product_brand":[6868],"product_cat":[1756,1758],"product_tag":[2244],"acf":[],"_links":{"self":[{"href":"https:\/\/streetmarkets.fr\/app\/wp-json\/wp\/v2\/product\/689276"}],"collection":[{"href":"https:\/\/streetmarkets.fr\/app\/wp-json\/wp\/v2\/product"}],"about":[{"href":"https:\/\/streetmarkets.fr\/app\/wp-json\/wp\/v2\/types\/product"}],"replies":[{"embeddable":true,"href":"https:\/\/streetmarkets.fr\/app\/wp-json\/wp\/v2\/comments?post=689276"}],"wp:featuredmedia":[{"embeddable":true,"href":"https:\/\/streetmarkets.fr\/app\/wp-json\/wp\/v2\/media\/689277"}],"wp:attachment":[{"href":"https:\/\/streetmarkets.fr\/app\/wp-json\/wp\/v2\/media?parent=689276"}],"wp:term":[{"taxonomy":"product_brand","embeddable":true,"href":"https:\/\/streetmarkets.fr\/app\/wp-json\/wp\/v2\/product_brand?post=689276"},{"taxonomy":"product_cat","embeddable":true,"href":"https:\/\/streetmarkets.fr\/app\/wp-json\/wp\/v2\/product_cat?post=689276"},{"taxonomy":"product_tag","embeddable":true,"href":"https:\/\/streetmarkets.fr\/app\/wp-json\/wp\/v2\/product_tag?post=689276"}],"curies":[{"name":"wp","href":"https:\/\/api.w.org\/{rel}","templated":true}]}}