{"id":689145,"date":"2024-10-14T15:34:59","date_gmt":"2024-10-14T13:34:59","guid":{"rendered":"https:\/\/streetmarkets.fr\/app\/produit\/pantalon-droit-s24-homme-kaki\/"},"modified":"2025-10-02T01:58:07","modified_gmt":"2025-10-01T23:58:07","slug":"pantalon-droit-s24-homme-kaki","status":"publish","type":"product","link":"https:\/\/streetmarkets.fr\/app\/produit\/pantalon-droit-s24-homme-kaki\/","title":{"rendered":"Pantalon Droit (S24 \/ HOMME \/ Kaki)"},"content":{"rendered":"<p>Un indispensable du vestiaire masculin : ce pantalon en lin s\u00e9duit par sa coupe droite et soign\u00e9e. Muni d&#8217;une fermeture zipp\u00e9e et boutonn\u00e9e, il d\u00e9voile deux poches \u00e0 l&#8217;avant et deux poches au dos. Il s&#8217;adopte sans effort et s&#8217;associe \u00e0 un pull en maille ou une chemise structur\u00e9e.<\/p>\n<p>&#8211; Pantalon en lin Homme <br \/>&#8211; Fermeture boutonn\u00e9e et zipp\u00e9e <br \/>&#8211; 2 poches avant <br \/>&#8211; 2 poches au dos <br \/>&#8211; Coupe regular<\/p>\n","protected":false},"excerpt":{"rendered":"<p>Un indispensable du vestiaire masculin : ce pantalon en lin s\u00e9duit par sa coupe droite et soign\u00e9e. Muni d&#8217;une fermeture zipp\u00e9e et boutonn\u00e9e, il d\u00e9voile deux poches \u00e0 l&#8217;avant et deux poches au dos. Il s&#8217;adopte sans effort et s&#8217;associe \u00e0 un pull en maille ou une chemise structur\u00e9e. &#8211; Pantalon en lin Homme &#8211; [&hellip;]<\/p>\n","protected":false},"featured_media":689146,"comment_status":"open","ping_status":"closed","template":"","meta":[],"product_brand":[6868],"product_cat":[1756,1758],"product_tag":[2244],"acf":[],"_links":{"self":[{"href":"https:\/\/streetmarkets.fr\/app\/wp-json\/wp\/v2\/product\/689145"}],"collection":[{"href":"https:\/\/streetmarkets.fr\/app\/wp-json\/wp\/v2\/product"}],"about":[{"href":"https:\/\/streetmarkets.fr\/app\/wp-json\/wp\/v2\/types\/product"}],"replies":[{"embeddable":true,"href":"https:\/\/streetmarkets.fr\/app\/wp-json\/wp\/v2\/comments?post=689145"}],"wp:featuredmedia":[{"embeddable":true,"href":"https:\/\/streetmarkets.fr\/app\/wp-json\/wp\/v2\/media\/689146"}],"wp:attachment":[{"href":"https:\/\/streetmarkets.fr\/app\/wp-json\/wp\/v2\/media?parent=689145"}],"wp:term":[{"taxonomy":"product_brand","embeddable":true,"href":"https:\/\/streetmarkets.fr\/app\/wp-json\/wp\/v2\/product_brand?post=689145"},{"taxonomy":"product_cat","embeddable":true,"href":"https:\/\/streetmarkets.fr\/app\/wp-json\/wp\/v2\/product_cat?post=689145"},{"taxonomy":"product_tag","embeddable":true,"href":"https:\/\/streetmarkets.fr\/app\/wp-json\/wp\/v2\/product_tag?post=689145"}],"curies":[{"name":"wp","href":"https:\/\/api.w.org\/{rel}","templated":true}]}}