{"id":689100,"date":"2024-10-14T15:34:56","date_gmt":"2024-10-14T13:34:56","guid":{"rendered":"https:\/\/streetmarkets.fr\/app\/produit\/sweatshirt-col-rond-s24-homme-washed-black\/"},"modified":"2025-03-04T01:03:32","modified_gmt":"2025-03-04T00:03:32","slug":"sweatshirt-col-rond-s24-homme-washed-black","status":"publish","type":"product","link":"https:\/\/streetmarkets.fr\/app\/produit\/sweatshirt-col-rond-s24-homme-washed-black\/","title":{"rendered":"Sweatshirt Col Rond (S24 \/ HOMME \/ Washed Black)"},"content":{"rendered":"<p>Un d\u00e9grad\u00e9 dip dye se d\u00e9cline sur ce sweatshirt en coton. Muni de manches longues et de bords resserr\u00e9s, il d\u00e9voile une silhouette d\u00e9contract\u00e9e parfaitement ajust\u00e9e. \u00c0 la fois chic et casual, il s&#8217;associe ais\u00e9ment \u00e0 un jean ample ou un pantalon droit.<\/p>\n<p>&#8211; Sweatshirt en coton Homme<br \/>\n<br \/>&#8211; Dip dye<br \/>\n<br \/>&#8211; Manches longues<br \/>\n<br \/>&#8211; Bords resserr\u00e9s<br \/>\n<br \/>&#8211; Fabriqu\u00e9 au Portugal<\/p>\n","protected":false},"excerpt":{"rendered":"<p>Un d\u00e9grad\u00e9 dip dye se d\u00e9cline sur ce sweatshirt en coton. Muni de manches longues et de bords resserr\u00e9s, il d\u00e9voile une silhouette d\u00e9contract\u00e9e parfaitement ajust\u00e9e. \u00c0 la fois chic et casual, il s&#8217;associe ais\u00e9ment \u00e0 un jean ample ou un pantalon droit. &#8211; Sweatshirt en coton Homme &#8211; Dip dye &#8211; Manches longues &#8211; [&hellip;]<\/p>\n","protected":false},"featured_media":689101,"comment_status":"open","ping_status":"closed","template":"","meta":[],"product_brand":[6868],"product_cat":[1756,1758],"product_tag":[2244],"acf":[],"_links":{"self":[{"href":"https:\/\/streetmarkets.fr\/app\/wp-json\/wp\/v2\/product\/689100"}],"collection":[{"href":"https:\/\/streetmarkets.fr\/app\/wp-json\/wp\/v2\/product"}],"about":[{"href":"https:\/\/streetmarkets.fr\/app\/wp-json\/wp\/v2\/types\/product"}],"replies":[{"embeddable":true,"href":"https:\/\/streetmarkets.fr\/app\/wp-json\/wp\/v2\/comments?post=689100"}],"wp:featuredmedia":[{"embeddable":true,"href":"https:\/\/streetmarkets.fr\/app\/wp-json\/wp\/v2\/media\/689101"}],"wp:attachment":[{"href":"https:\/\/streetmarkets.fr\/app\/wp-json\/wp\/v2\/media?parent=689100"}],"wp:term":[{"taxonomy":"product_brand","embeddable":true,"href":"https:\/\/streetmarkets.fr\/app\/wp-json\/wp\/v2\/product_brand?post=689100"},{"taxonomy":"product_cat","embeddable":true,"href":"https:\/\/streetmarkets.fr\/app\/wp-json\/wp\/v2\/product_cat?post=689100"},{"taxonomy":"product_tag","embeddable":true,"href":"https:\/\/streetmarkets.fr\/app\/wp-json\/wp\/v2\/product_tag?post=689100"}],"curies":[{"name":"wp","href":"https:\/\/api.w.org\/{rel}","templated":true}]}}