{"id":689055,"date":"2024-10-14T15:34:54","date_gmt":"2024-10-14T13:34:54","guid":{"rendered":"https:\/\/streetmarkets.fr\/app\/produit\/chouchou-colette-s24-accessoires-hot-roses\/"},"modified":"2025-03-17T01:01:11","modified_gmt":"2025-03-17T00:01:11","slug":"chouchou-colette-s24-accessoires-hot-roses","status":"publish","type":"product","link":"https:\/\/streetmarkets.fr\/app\/produit\/chouchou-colette-s24-accessoires-hot-roses\/","title":{"rendered":"Chouchou Colette (S24 \/ ACCESSOIRES \/ Hot Roses)"},"content":{"rendered":"<p>Nos engagements pour une mode plus durable se poursuivent avec ces chouchous upcycl\u00e9s, enti\u00e8rement confectionn\u00e9s \u00e0 partir de chutes de tissu de soie.<\/p>\n","protected":false},"excerpt":{"rendered":"<p>Nos engagements pour une mode plus durable se poursuivent avec ces chouchous upcycl\u00e9s, enti\u00e8rement confectionn\u00e9s \u00e0 partir de chutes de tissu de soie.<\/p>\n","protected":false},"featured_media":689056,"comment_status":"open","ping_status":"closed","template":"","meta":[],"product_brand":[6868],"product_cat":[1756,1764],"product_tag":[2244],"acf":[],"_links":{"self":[{"href":"https:\/\/streetmarkets.fr\/app\/wp-json\/wp\/v2\/product\/689055"}],"collection":[{"href":"https:\/\/streetmarkets.fr\/app\/wp-json\/wp\/v2\/product"}],"about":[{"href":"https:\/\/streetmarkets.fr\/app\/wp-json\/wp\/v2\/types\/product"}],"replies":[{"embeddable":true,"href":"https:\/\/streetmarkets.fr\/app\/wp-json\/wp\/v2\/comments?post=689055"}],"wp:featuredmedia":[{"embeddable":true,"href":"https:\/\/streetmarkets.fr\/app\/wp-json\/wp\/v2\/media\/689056"}],"wp:attachment":[{"href":"https:\/\/streetmarkets.fr\/app\/wp-json\/wp\/v2\/media?parent=689055"}],"wp:term":[{"taxonomy":"product_brand","embeddable":true,"href":"https:\/\/streetmarkets.fr\/app\/wp-json\/wp\/v2\/product_brand?post=689055"},{"taxonomy":"product_cat","embeddable":true,"href":"https:\/\/streetmarkets.fr\/app\/wp-json\/wp\/v2\/product_cat?post=689055"},{"taxonomy":"product_tag","embeddable":true,"href":"https:\/\/streetmarkets.fr\/app\/wp-json\/wp\/v2\/product_tag?post=689055"}],"curies":[{"name":"wp","href":"https:\/\/api.w.org\/{rel}","templated":true}]}}