{"id":688994,"date":"2024-10-14T15:34:24","date_gmt":"2024-10-14T13:34:24","guid":{"rendered":"https:\/\/streetmarkets.fr\/app\/produit\/robe-courte-bretelle-tessia-s24-femme-champagne\/"},"modified":"2025-03-01T01:05:54","modified_gmt":"2025-03-01T00:05:54","slug":"robe-courte-bretelle-tessia-s24-femme-champagne","status":"publish","type":"product","link":"https:\/\/streetmarkets.fr\/app\/produit\/robe-courte-bretelle-tessia-s24-femme-champagne\/","title":{"rendered":"Robe Courte Bretelle Tessia (S24 \/ FEMME \/ Champagne)"},"content":{"rendered":"<p>Confectionn\u00e9e en satin de soie l\u00e9ger et brillant, cette robe courte incarne l&#8217;\u00e9l\u00e9gance cosmique avec ses lignes futuristes et son tomb\u00e9 fluide. Munie de bretelles fines, elle d\u00e9voile un d\u00e9collet\u00e9 en V et une jupe l\u00e9g\u00e8rement fendue \u00e0 l&#8217;avant. \u00c0 porter sans mod\u00e9ration, elle s&#8217;adopte de jour comme de nuit, seul ou gliss\u00e9e sous une maille. <\/p>\n<p>&#8211; Robe courte en satin de soie <br \/>&#8211; Bretelles fines <br \/>&#8211; D\u00e9collet\u00e9 en V <br \/>&#8211; Fente \u00e0 l&#8217;avant <br \/>&#8211; Coupe slim<\/p>\n","protected":false},"excerpt":{"rendered":"<p>Confectionn\u00e9e en satin de soie l\u00e9ger et brillant, cette robe courte incarne l&#8217;\u00e9l\u00e9gance cosmique avec ses lignes futuristes et son tomb\u00e9 fluide. Munie de bretelles fines, elle d\u00e9voile un d\u00e9collet\u00e9 en V et une jupe l\u00e9g\u00e8rement fendue \u00e0 l&#8217;avant. \u00c0 porter sans mod\u00e9ration, elle s&#8217;adopte de jour comme de nuit, seul ou gliss\u00e9e sous une [&hellip;]<\/p>\n","protected":false},"featured_media":688995,"comment_status":"open","ping_status":"closed","template":"","meta":[],"product_brand":[6868],"product_cat":[1756,1762],"product_tag":[2244],"acf":[],"_links":{"self":[{"href":"https:\/\/streetmarkets.fr\/app\/wp-json\/wp\/v2\/product\/688994"}],"collection":[{"href":"https:\/\/streetmarkets.fr\/app\/wp-json\/wp\/v2\/product"}],"about":[{"href":"https:\/\/streetmarkets.fr\/app\/wp-json\/wp\/v2\/types\/product"}],"replies":[{"embeddable":true,"href":"https:\/\/streetmarkets.fr\/app\/wp-json\/wp\/v2\/comments?post=688994"}],"wp:featuredmedia":[{"embeddable":true,"href":"https:\/\/streetmarkets.fr\/app\/wp-json\/wp\/v2\/media\/688995"}],"wp:attachment":[{"href":"https:\/\/streetmarkets.fr\/app\/wp-json\/wp\/v2\/media?parent=688994"}],"wp:term":[{"taxonomy":"product_brand","embeddable":true,"href":"https:\/\/streetmarkets.fr\/app\/wp-json\/wp\/v2\/product_brand?post=688994"},{"taxonomy":"product_cat","embeddable":true,"href":"https:\/\/streetmarkets.fr\/app\/wp-json\/wp\/v2\/product_cat?post=688994"},{"taxonomy":"product_tag","embeddable":true,"href":"https:\/\/streetmarkets.fr\/app\/wp-json\/wp\/v2\/product_tag?post=688994"}],"curies":[{"name":"wp","href":"https:\/\/api.w.org\/{rel}","templated":true}]}}