{"id":688970,"date":"2024-10-14T15:34:23","date_gmt":"2024-10-14T13:34:23","guid":{"rendered":"https:\/\/streetmarkets.fr\/app\/produit\/short-bermuda-s24-homme-ecru\/"},"modified":"2025-10-02T02:01:52","modified_gmt":"2025-10-02T00:01:52","slug":"short-bermuda-s24-homme-ecru","status":"publish","type":"product","link":"https:\/\/streetmarkets.fr\/app\/produit\/short-bermuda-s24-homme-ecru\/","title":{"rendered":"Short Bermuda (S24 \/ HOMME \/ Ecru)"},"content":{"rendered":"<p>Coupe soign\u00e9e et lignes affirm\u00e9es, ce short bermuda en coton s&#8217;impose comme un indispensable du vestiaire masculin. Muni d&#8217;une taille \u00e9lastiqu\u00e9e \u00e0 cordons de serrage, il d\u00e9voile deux poches et des plis. Id\u00e9al en toutes circonstances, mixez-le \u00e0 une chemise structur\u00e9e ou un t-shirt oversize. <\/p>\n<p>&#8211; Short bermuda en coton Homme<br \/>\n<br \/>&#8211; Taille \u00e9lastiqu\u00e9e \u00e0 cordons<br \/>\n<br \/>&#8211; 2 poches avant<br \/>\n<br \/>&#8211; 2 fausses poches passepoil\u00e9es au dos<br \/>\n<br \/>&#8211; Coupe regular<\/p>\n","protected":false},"excerpt":{"rendered":"<p>Coupe soign\u00e9e et lignes affirm\u00e9es, ce short bermuda en coton s&#8217;impose comme un indispensable du vestiaire masculin. Muni d&#8217;une taille \u00e9lastiqu\u00e9e \u00e0 cordons de serrage, il d\u00e9voile deux poches et des plis. Id\u00e9al en toutes circonstances, mixez-le \u00e0 une chemise structur\u00e9e ou un t-shirt oversize. &#8211; Short bermuda en coton Homme &#8211; Taille \u00e9lastiqu\u00e9e \u00e0 [&hellip;]<\/p>\n","protected":false},"featured_media":688971,"comment_status":"open","ping_status":"closed","template":"","meta":[],"product_brand":[6868],"product_cat":[1756,1760],"product_tag":[2244],"acf":[],"_links":{"self":[{"href":"https:\/\/streetmarkets.fr\/app\/wp-json\/wp\/v2\/product\/688970"}],"collection":[{"href":"https:\/\/streetmarkets.fr\/app\/wp-json\/wp\/v2\/product"}],"about":[{"href":"https:\/\/streetmarkets.fr\/app\/wp-json\/wp\/v2\/types\/product"}],"replies":[{"embeddable":true,"href":"https:\/\/streetmarkets.fr\/app\/wp-json\/wp\/v2\/comments?post=688970"}],"wp:featuredmedia":[{"embeddable":true,"href":"https:\/\/streetmarkets.fr\/app\/wp-json\/wp\/v2\/media\/688971"}],"wp:attachment":[{"href":"https:\/\/streetmarkets.fr\/app\/wp-json\/wp\/v2\/media?parent=688970"}],"wp:term":[{"taxonomy":"product_brand","embeddable":true,"href":"https:\/\/streetmarkets.fr\/app\/wp-json\/wp\/v2\/product_brand?post=688970"},{"taxonomy":"product_cat","embeddable":true,"href":"https:\/\/streetmarkets.fr\/app\/wp-json\/wp\/v2\/product_cat?post=688970"},{"taxonomy":"product_tag","embeddable":true,"href":"https:\/\/streetmarkets.fr\/app\/wp-json\/wp\/v2\/product_tag?post=688970"}],"curies":[{"name":"wp","href":"https:\/\/api.w.org\/{rel}","templated":true}]}}