{"id":688849,"date":"2024-10-14T15:34:17","date_gmt":"2024-10-14T13:34:17","guid":{"rendered":"https:\/\/streetmarkets.fr\/app\/produit\/jean-tapered-jackson-s24-homme-washed-black\/"},"modified":"2025-03-15T01:02:45","modified_gmt":"2025-03-15T00:02:45","slug":"jean-tapered-jackson-s24-homme-washed-black","status":"publish","type":"product","link":"https:\/\/streetmarkets.fr\/app\/produit\/jean-tapered-jackson-s24-homme-washed-black\/","title":{"rendered":"Jean Tapered Jackson (S24 \/ HOMME \/ Washed Black)"},"content":{"rendered":"<p>Explorez les horizons cosmiques du futur avec le jean fusel\u00e9 Jackson, arborant une coupe tapered. Muni d&#8217;une fermeture zipp\u00e9e et boutonn\u00e9e, il r\u00e9v\u00e8le deux poches et une broderie &#8220;From Future&#8221;. <\/p>\n<p> &#8211; Jean fusel\u00e9 en denim Homme<br \/>\n<br \/> &#8211; Fermeture zipp\u00e9e et boutonn\u00e9e<br \/>\n<br \/> &#8211; Poches<br \/>\n<br \/> &#8211; Broderie From Future sur la poche gauche<br \/>\n<br \/> &#8211; Coupe tapered<\/p>\n","protected":false},"excerpt":{"rendered":"<p>Explorez les horizons cosmiques du futur avec le jean fusel\u00e9 Jackson, arborant une coupe tapered. Muni d&#8217;une fermeture zipp\u00e9e et boutonn\u00e9e, il r\u00e9v\u00e8le deux poches et une broderie &#8220;From Future&#8221;. &#8211; Jean fusel\u00e9 en denim Homme &#8211; Fermeture zipp\u00e9e et boutonn\u00e9e &#8211; Poches &#8211; Broderie From Future sur la poche gauche &#8211; Coupe tapered<\/p>\n","protected":false},"featured_media":688850,"comment_status":"open","ping_status":"closed","template":"","meta":[],"product_brand":[6868],"product_cat":[1756,1758],"product_tag":[2244],"acf":[],"_links":{"self":[{"href":"https:\/\/streetmarkets.fr\/app\/wp-json\/wp\/v2\/product\/688849"}],"collection":[{"href":"https:\/\/streetmarkets.fr\/app\/wp-json\/wp\/v2\/product"}],"about":[{"href":"https:\/\/streetmarkets.fr\/app\/wp-json\/wp\/v2\/types\/product"}],"replies":[{"embeddable":true,"href":"https:\/\/streetmarkets.fr\/app\/wp-json\/wp\/v2\/comments?post=688849"}],"wp:featuredmedia":[{"embeddable":true,"href":"https:\/\/streetmarkets.fr\/app\/wp-json\/wp\/v2\/media\/688850"}],"wp:attachment":[{"href":"https:\/\/streetmarkets.fr\/app\/wp-json\/wp\/v2\/media?parent=688849"}],"wp:term":[{"taxonomy":"product_brand","embeddable":true,"href":"https:\/\/streetmarkets.fr\/app\/wp-json\/wp\/v2\/product_brand?post=688849"},{"taxonomy":"product_cat","embeddable":true,"href":"https:\/\/streetmarkets.fr\/app\/wp-json\/wp\/v2\/product_cat?post=688849"},{"taxonomy":"product_tag","embeddable":true,"href":"https:\/\/streetmarkets.fr\/app\/wp-json\/wp\/v2\/product_tag?post=688849"}],"curies":[{"name":"wp","href":"https:\/\/api.w.org\/{rel}","templated":true}]}}