{"id":688812,"date":"2024-10-14T15:34:15","date_gmt":"2024-10-14T13:34:15","guid":{"rendered":"https:\/\/streetmarkets.fr\/app\/produit\/jean-large-s24-femme-bleu-clair\/"},"modified":"2025-03-04T01:03:08","modified_gmt":"2025-03-04T00:03:08","slug":"jean-large-s24-femme-bleu-clair","status":"publish","type":"product","link":"https:\/\/streetmarkets.fr\/app\/produit\/jean-large-s24-femme-bleu-clair\/","title":{"rendered":"Jean Large (S24 \/ FEMME \/ Bleu Clair)"},"content":{"rendered":"<p>Ce jean cargo en denim d\u00e9lav\u00e9 transcende le futur et l&#8217;espace. Arborant une coupe large, il d\u00e9voile deux poches lat\u00e9rales, deux poches \u00e0 rabat et une fermeture zipp\u00e9e boutonn\u00e9e. Structurez votre silhouette futuriste en le mixant \u00e0 un top en maille ou une chemise fluide.<\/p>\n<p> &#8211; Jean large en denim Femme<br \/>\n<br \/> &#8211; Cargo<br \/>\n<br \/> &#8211; 2 poches avant<br \/>\n<br \/> &#8211; 2 poches \u00e0 rabat<br \/>\n<br \/> &#8211; Fermeture zipp\u00e9e et boutonn\u00e9e<\/p>\n","protected":false},"excerpt":{"rendered":"<p>Ce jean cargo en denim d\u00e9lav\u00e9 transcende le futur et l&#8217;espace. Arborant une coupe large, il d\u00e9voile deux poches lat\u00e9rales, deux poches \u00e0 rabat et une fermeture zipp\u00e9e boutonn\u00e9e. Structurez votre silhouette futuriste en le mixant \u00e0 un top en maille ou une chemise fluide. &#8211; Jean large en denim Femme &#8211; Cargo &#8211; 2 [&hellip;]<\/p>\n","protected":false},"featured_media":688813,"comment_status":"open","ping_status":"closed","template":"","meta":[],"product_brand":[6868],"product_cat":[1756,1762],"product_tag":[2244],"acf":[],"_links":{"self":[{"href":"https:\/\/streetmarkets.fr\/app\/wp-json\/wp\/v2\/product\/688812"}],"collection":[{"href":"https:\/\/streetmarkets.fr\/app\/wp-json\/wp\/v2\/product"}],"about":[{"href":"https:\/\/streetmarkets.fr\/app\/wp-json\/wp\/v2\/types\/product"}],"replies":[{"embeddable":true,"href":"https:\/\/streetmarkets.fr\/app\/wp-json\/wp\/v2\/comments?post=688812"}],"wp:featuredmedia":[{"embeddable":true,"href":"https:\/\/streetmarkets.fr\/app\/wp-json\/wp\/v2\/media\/688813"}],"wp:attachment":[{"href":"https:\/\/streetmarkets.fr\/app\/wp-json\/wp\/v2\/media?parent=688812"}],"wp:term":[{"taxonomy":"product_brand","embeddable":true,"href":"https:\/\/streetmarkets.fr\/app\/wp-json\/wp\/v2\/product_brand?post=688812"},{"taxonomy":"product_cat","embeddable":true,"href":"https:\/\/streetmarkets.fr\/app\/wp-json\/wp\/v2\/product_cat?post=688812"},{"taxonomy":"product_tag","embeddable":true,"href":"https:\/\/streetmarkets.fr\/app\/wp-json\/wp\/v2\/product_tag?post=688812"}],"curies":[{"name":"wp","href":"https:\/\/api.w.org\/{rel}","templated":true}]}}