{"id":688669,"date":"2024-10-14T15:33:43","date_gmt":"2024-10-14T13:33:43","guid":{"rendered":"https:\/\/streetmarkets.fr\/app\/produit\/sweatshirt-hoodie-future-ton-sur-ton-s24-homme-gris-chine-clair\/"},"modified":"2025-03-04T01:03:07","modified_gmt":"2025-03-04T00:03:07","slug":"sweatshirt-hoodie-future-ton-sur-ton-s24-homme-gris-chine-clair","status":"publish","type":"product","link":"https:\/\/streetmarkets.fr\/app\/produit\/sweatshirt-hoodie-future-ton-sur-ton-s24-homme-gris-chine-clair\/","title":{"rendered":"Sweatshirt Hoodie Future Ton Sur Ton (S24 \/ HOMME \/ Gris Chin\u00e9 Clair)"},"content":{"rendered":"<p>R\u00e9haussez votre vestiaire avec une touche futuriste, pour une allure qui transcende l&#8217;espace. En coton, ce sweatshirt hoodie d\u00e9voile une inscription &#8220;Future&#8221; ton sur ton \u00e0 l&#8217;avant. Muni d&#8217;une capuche \u00e0 cordons et de manches longues, ses bords c\u00f4tel\u00e9s conf\u00e8rent une silhouette ajust\u00e9e. \u00c0 porter sans mod\u00e9ration, il s&#8217;associe \u00e0 votre denim pr\u00e9f\u00e9r\u00e9.<\/p>\n<p>&#8211; Sweatshirt hoodie en coton Homme<br \/>\n<br \/>&#8211; Inscription &#8220;Future&#8221; ton sur ton<br \/>\n<br \/>&#8211; Capuche \u00e0 cordons<br \/>\n<br \/>&#8211; Manches longues<br \/>\n<br \/>&#8211; Bords c\u00f4tel\u00e9s<br \/>\n<br \/>&#8211; Coupe regular<br \/>\n<br \/>&#8211; Fabriqu\u00e9 au Portugal<\/p>\n","protected":false},"excerpt":{"rendered":"<p>R\u00e9haussez votre vestiaire avec une touche futuriste, pour une allure qui transcende l&#8217;espace. En coton, ce sweatshirt hoodie d\u00e9voile une inscription &#8220;Future&#8221; ton sur ton \u00e0 l&#8217;avant. Muni d&#8217;une capuche \u00e0 cordons et de manches longues, ses bords c\u00f4tel\u00e9s conf\u00e8rent une silhouette ajust\u00e9e. \u00c0 porter sans mod\u00e9ration, il s&#8217;associe \u00e0 votre denim pr\u00e9f\u00e9r\u00e9. &#8211; Sweatshirt [&hellip;]<\/p>\n","protected":false},"featured_media":688670,"comment_status":"open","ping_status":"closed","template":"","meta":[],"product_brand":[6868],"product_cat":[1756,1758],"product_tag":[2244],"acf":[],"_links":{"self":[{"href":"https:\/\/streetmarkets.fr\/app\/wp-json\/wp\/v2\/product\/688669"}],"collection":[{"href":"https:\/\/streetmarkets.fr\/app\/wp-json\/wp\/v2\/product"}],"about":[{"href":"https:\/\/streetmarkets.fr\/app\/wp-json\/wp\/v2\/types\/product"}],"replies":[{"embeddable":true,"href":"https:\/\/streetmarkets.fr\/app\/wp-json\/wp\/v2\/comments?post=688669"}],"wp:featuredmedia":[{"embeddable":true,"href":"https:\/\/streetmarkets.fr\/app\/wp-json\/wp\/v2\/media\/688670"}],"wp:attachment":[{"href":"https:\/\/streetmarkets.fr\/app\/wp-json\/wp\/v2\/media?parent=688669"}],"wp:term":[{"taxonomy":"product_brand","embeddable":true,"href":"https:\/\/streetmarkets.fr\/app\/wp-json\/wp\/v2\/product_brand?post=688669"},{"taxonomy":"product_cat","embeddable":true,"href":"https:\/\/streetmarkets.fr\/app\/wp-json\/wp\/v2\/product_cat?post=688669"},{"taxonomy":"product_tag","embeddable":true,"href":"https:\/\/streetmarkets.fr\/app\/wp-json\/wp\/v2\/product_tag?post=688669"}],"curies":[{"name":"wp","href":"https:\/\/api.w.org\/{rel}","templated":true}]}}