{"id":688378,"date":"2024-10-14T15:33:11","date_gmt":"2024-10-14T13:33:11","guid":{"rendered":"https:\/\/streetmarkets.fr\/app\/produit\/pantalon-large-s24-femme-noir\/"},"modified":"2025-03-15T01:02:43","modified_gmt":"2025-03-15T00:02:43","slug":"pantalon-large-s24-femme-noir","status":"publish","type":"product","link":"https:\/\/streetmarkets.fr\/app\/produit\/pantalon-large-s24-femme-noir\/","title":{"rendered":"Pantalon Large (S24 \/ FEMME \/ Noir)"},"content":{"rendered":"<p>D&#8217;une \u00e9l\u00e9gance cosmique, ce pantalon long et large conf\u00e8re une silhouette \u00e9lanc\u00e9e pour transcender les saisons et l&#8217;espace. Munie d&#8217;une fermeture zipp\u00e9e et boutonn\u00e9e, il d\u00e9voile une taille marqu\u00e9e, deux poches lat\u00e9rales et des d\u00e9tails pliss\u00e9s. Pi\u00e8ce indispensable du vestiaire f\u00e9minin, elle compl\u00e8tera vos looks casual comme sophistiqu\u00e9s.<\/p>\n<p>&#8211; Pantalon large Femme<br \/>\n<br \/>&#8211; Fermeture zipp\u00e9e et boutonn\u00e9e<br \/>\n<br \/>&#8211; 2 poches<br \/>\n<br \/>&#8211; Plis<br \/>\n<br \/>&#8211; Coupe longue<\/p>\n","protected":false},"excerpt":{"rendered":"<p>D&#8217;une \u00e9l\u00e9gance cosmique, ce pantalon long et large conf\u00e8re une silhouette \u00e9lanc\u00e9e pour transcender les saisons et l&#8217;espace. Munie d&#8217;une fermeture zipp\u00e9e et boutonn\u00e9e, il d\u00e9voile une taille marqu\u00e9e, deux poches lat\u00e9rales et des d\u00e9tails pliss\u00e9s. Pi\u00e8ce indispensable du vestiaire f\u00e9minin, elle compl\u00e8tera vos looks casual comme sophistiqu\u00e9s. &#8211; Pantalon large Femme &#8211; Fermeture zipp\u00e9e [&hellip;]<\/p>\n","protected":false},"featured_media":688379,"comment_status":"open","ping_status":"closed","template":"","meta":[],"product_brand":[6868],"product_cat":[1756,1762],"product_tag":[2244],"acf":[],"_links":{"self":[{"href":"https:\/\/streetmarkets.fr\/app\/wp-json\/wp\/v2\/product\/688378"}],"collection":[{"href":"https:\/\/streetmarkets.fr\/app\/wp-json\/wp\/v2\/product"}],"about":[{"href":"https:\/\/streetmarkets.fr\/app\/wp-json\/wp\/v2\/types\/product"}],"replies":[{"embeddable":true,"href":"https:\/\/streetmarkets.fr\/app\/wp-json\/wp\/v2\/comments?post=688378"}],"wp:featuredmedia":[{"embeddable":true,"href":"https:\/\/streetmarkets.fr\/app\/wp-json\/wp\/v2\/media\/688379"}],"wp:attachment":[{"href":"https:\/\/streetmarkets.fr\/app\/wp-json\/wp\/v2\/media?parent=688378"}],"wp:term":[{"taxonomy":"product_brand","embeddable":true,"href":"https:\/\/streetmarkets.fr\/app\/wp-json\/wp\/v2\/product_brand?post=688378"},{"taxonomy":"product_cat","embeddable":true,"href":"https:\/\/streetmarkets.fr\/app\/wp-json\/wp\/v2\/product_cat?post=688378"},{"taxonomy":"product_tag","embeddable":true,"href":"https:\/\/streetmarkets.fr\/app\/wp-json\/wp\/v2\/product_tag?post=688378"}],"curies":[{"name":"wp","href":"https:\/\/api.w.org\/{rel}","templated":true}]}}