{"id":688336,"date":"2024-10-14T15:33:10","date_gmt":"2024-10-14T13:33:10","guid":{"rendered":"https:\/\/streetmarkets.fr\/app\/produit\/veste-blazer-s24-femme-noir\/"},"modified":"2025-02-25T01:02:31","modified_gmt":"2025-02-25T00:02:31","slug":"veste-blazer-s24-femme-noir","status":"publish","type":"product","link":"https:\/\/streetmarkets.fr\/app\/produit\/veste-blazer-s24-femme-noir\/","title":{"rendered":"Veste Blazer (S24 \/ FEMME \/ Noir)"},"content":{"rendered":"<p>\u00c9levez votre style vers des horizons cosmiques avec cette veste blazer longue \u00e0 l&#8217;allure structur\u00e9e et futuriste. Munie d&#8217;un col tailleur et de manches longues, elle d\u00e9voile des d\u00e9tails pliss\u00e9s, une poche poitrine et deux poches laterales passepoil\u00e9es. Pi\u00e8ce indispensable du vestiaire f\u00e9minin, elle compl\u00e8tera vos looks casual ou sophistiqu\u00e9s.<\/p>\n<p>&#8211; Veste blazer longue Femme<br \/>\n<br \/>&#8211; Col tailleur<br \/>\n<br \/>&#8211; Double fermeture boutonn\u00e9e<br \/>\n<br \/>&#8211; 1 poche passepoil\u00e9e poitrine<br \/>\n<br \/>&#8211; 2 poches passepoil\u00e9es lat\u00e9rales<br \/>\n<br \/>&#8211; Plis<br \/>\n<br \/>&#8211; Manches longues<\/p>\n","protected":false},"excerpt":{"rendered":"<p>\u00c9levez votre style vers des horizons cosmiques avec cette veste blazer longue \u00e0 l&#8217;allure structur\u00e9e et futuriste. Munie d&#8217;un col tailleur et de manches longues, elle d\u00e9voile des d\u00e9tails pliss\u00e9s, une poche poitrine et deux poches laterales passepoil\u00e9es. Pi\u00e8ce indispensable du vestiaire f\u00e9minin, elle compl\u00e8tera vos looks casual ou sophistiqu\u00e9s. &#8211; Veste blazer longue Femme [&hellip;]<\/p>\n","protected":false},"featured_media":688337,"comment_status":"open","ping_status":"closed","template":"","meta":[],"product_brand":[6868],"product_cat":[1756,1762],"product_tag":[2244],"acf":[],"_links":{"self":[{"href":"https:\/\/streetmarkets.fr\/app\/wp-json\/wp\/v2\/product\/688336"}],"collection":[{"href":"https:\/\/streetmarkets.fr\/app\/wp-json\/wp\/v2\/product"}],"about":[{"href":"https:\/\/streetmarkets.fr\/app\/wp-json\/wp\/v2\/types\/product"}],"replies":[{"embeddable":true,"href":"https:\/\/streetmarkets.fr\/app\/wp-json\/wp\/v2\/comments?post=688336"}],"wp:featuredmedia":[{"embeddable":true,"href":"https:\/\/streetmarkets.fr\/app\/wp-json\/wp\/v2\/media\/688337"}],"wp:attachment":[{"href":"https:\/\/streetmarkets.fr\/app\/wp-json\/wp\/v2\/media?parent=688336"}],"wp:term":[{"taxonomy":"product_brand","embeddable":true,"href":"https:\/\/streetmarkets.fr\/app\/wp-json\/wp\/v2\/product_brand?post=688336"},{"taxonomy":"product_cat","embeddable":true,"href":"https:\/\/streetmarkets.fr\/app\/wp-json\/wp\/v2\/product_cat?post=688336"},{"taxonomy":"product_tag","embeddable":true,"href":"https:\/\/streetmarkets.fr\/app\/wp-json\/wp\/v2\/product_tag?post=688336"}],"curies":[{"name":"wp","href":"https:\/\/api.w.org\/{rel}","templated":true}]}}