{"id":688154,"date":"2024-10-14T15:33:02","date_gmt":"2024-10-14T13:33:02","guid":{"rendered":"https:\/\/streetmarkets.fr\/app\/produit\/jupe-mi-longue-gina-s24-femme-noir\/"},"modified":"2025-01-28T01:21:27","modified_gmt":"2025-01-28T00:21:27","slug":"jupe-mi-longue-gina-s24-femme-noir","status":"publish","type":"product","link":"https:\/\/streetmarkets.fr\/app\/produit\/jupe-mi-longue-gina-s24-femme-noir\/","title":{"rendered":"Jupe Mi Longue Gina (S24 \/ FEMME \/ Noir)"},"content":{"rendered":"<p>La jupe Gina mi-longue en satin de soie brillant et soyeux s&#8217;adopte de jour comme de nuit, avec un caraco l\u00e9ger comme une maille moelleuse. D&#8217;une \u00e9l\u00e9gance cosmique, elle d\u00e9voile une taille \u00e9lastiqu\u00e9e et un drap\u00e9 fluide \u00e9vas\u00e9.<\/p>\n<p>&#8211; Jupe mi-longue en satin de soie Femme<br \/>\n<br \/>&#8211; Taille \u00e9lastique<br \/>\n<br \/>&#8211; Coupe slim<\/p>\n","protected":false},"excerpt":{"rendered":"<p>La jupe Gina mi-longue en satin de soie brillant et soyeux s&#8217;adopte de jour comme de nuit, avec un caraco l\u00e9ger comme une maille moelleuse. D&#8217;une \u00e9l\u00e9gance cosmique, elle d\u00e9voile une taille \u00e9lastiqu\u00e9e et un drap\u00e9 fluide \u00e9vas\u00e9. &#8211; Jupe mi-longue en satin de soie Femme &#8211; Taille \u00e9lastique &#8211; Coupe slim<\/p>\n","protected":false},"featured_media":688155,"comment_status":"open","ping_status":"closed","template":"","meta":[],"product_brand":[6868],"product_cat":[1756,1762],"product_tag":[2244],"acf":[],"_links":{"self":[{"href":"https:\/\/streetmarkets.fr\/app\/wp-json\/wp\/v2\/product\/688154"}],"collection":[{"href":"https:\/\/streetmarkets.fr\/app\/wp-json\/wp\/v2\/product"}],"about":[{"href":"https:\/\/streetmarkets.fr\/app\/wp-json\/wp\/v2\/types\/product"}],"replies":[{"embeddable":true,"href":"https:\/\/streetmarkets.fr\/app\/wp-json\/wp\/v2\/comments?post=688154"}],"wp:featuredmedia":[{"embeddable":true,"href":"https:\/\/streetmarkets.fr\/app\/wp-json\/wp\/v2\/media\/688155"}],"wp:attachment":[{"href":"https:\/\/streetmarkets.fr\/app\/wp-json\/wp\/v2\/media?parent=688154"}],"wp:term":[{"taxonomy":"product_brand","embeddable":true,"href":"https:\/\/streetmarkets.fr\/app\/wp-json\/wp\/v2\/product_brand?post=688154"},{"taxonomy":"product_cat","embeddable":true,"href":"https:\/\/streetmarkets.fr\/app\/wp-json\/wp\/v2\/product_cat?post=688154"},{"taxonomy":"product_tag","embeddable":true,"href":"https:\/\/streetmarkets.fr\/app\/wp-json\/wp\/v2\/product_tag?post=688154"}],"curies":[{"name":"wp","href":"https:\/\/api.w.org\/{rel}","templated":true}]}}