{"id":687977,"date":"2024-10-14T15:32:17","date_gmt":"2024-10-14T13:32:17","guid":{"rendered":"https:\/\/streetmarkets.fr\/app\/produit\/jude-jean-bootcut-w22-femme-bleu-clair\/"},"modified":"2025-03-25T01:05:21","modified_gmt":"2025-03-25T00:05:21","slug":"jude-jean-bootcut-w22-femme-bleu-clair","status":"publish","type":"product","link":"https:\/\/streetmarkets.fr\/app\/produit\/jude-jean-bootcut-w22-femme-bleu-clair\/","title":{"rendered":"Jude Jean Bootcut (W22 \/ FEMME \/ Bleu Clair )"},"content":{"rendered":"<p>Rencontrez Jude : le bootcut \u00e9l\u00e9gant avec d\u00e9tail en broderie &#8220;From Future&#8221; semi-cach\u00e9 sur la poche gauche.<br \/>\n<br \/>Longueur 7\/8i\u00e8me.<br \/>\n<br \/>5 poches, taille haute, fermeture par bouton m\u00e9tallique, bas de jambes \u00e0 bords francs. Un bon basique que vous porterez toute l&#8217;ann\u00e9e.<\/p>\n","protected":false},"excerpt":{"rendered":"<p>Rencontrez Jude : le bootcut \u00e9l\u00e9gant avec d\u00e9tail en broderie &#8220;From Future&#8221; semi-cach\u00e9 sur la poche gauche. Longueur 7\/8i\u00e8me. 5 poches, taille haute, fermeture par bouton m\u00e9tallique, bas de jambes \u00e0 bords francs. Un bon basique que vous porterez toute l&#8217;ann\u00e9e.<\/p>\n","protected":false},"featured_media":687978,"comment_status":"open","ping_status":"closed","template":"","meta":[],"product_brand":[6868],"product_cat":[1756,1762],"product_tag":[2244],"acf":[],"_links":{"self":[{"href":"https:\/\/streetmarkets.fr\/app\/wp-json\/wp\/v2\/product\/687977"}],"collection":[{"href":"https:\/\/streetmarkets.fr\/app\/wp-json\/wp\/v2\/product"}],"about":[{"href":"https:\/\/streetmarkets.fr\/app\/wp-json\/wp\/v2\/types\/product"}],"replies":[{"embeddable":true,"href":"https:\/\/streetmarkets.fr\/app\/wp-json\/wp\/v2\/comments?post=687977"}],"wp:featuredmedia":[{"embeddable":true,"href":"https:\/\/streetmarkets.fr\/app\/wp-json\/wp\/v2\/media\/687978"}],"wp:attachment":[{"href":"https:\/\/streetmarkets.fr\/app\/wp-json\/wp\/v2\/media?parent=687977"}],"wp:term":[{"taxonomy":"product_brand","embeddable":true,"href":"https:\/\/streetmarkets.fr\/app\/wp-json\/wp\/v2\/product_brand?post=687977"},{"taxonomy":"product_cat","embeddable":true,"href":"https:\/\/streetmarkets.fr\/app\/wp-json\/wp\/v2\/product_cat?post=687977"},{"taxonomy":"product_tag","embeddable":true,"href":"https:\/\/streetmarkets.fr\/app\/wp-json\/wp\/v2\/product_tag?post=687977"}],"curies":[{"name":"wp","href":"https:\/\/api.w.org\/{rel}","templated":true}]}}