{"id":687970,"date":"2024-10-14T15:32:17","date_gmt":"2024-10-14T13:32:17","guid":{"rendered":"https:\/\/streetmarkets.fr\/app\/produit\/joe-jean-bootcut-fente-w22-femme-bleu-clair\/"},"modified":"2025-03-15T01:02:40","modified_gmt":"2025-03-15T00:02:40","slug":"joe-jean-bootcut-fente-w22-femme-bleu-clair","status":"publish","type":"product","link":"https:\/\/streetmarkets.fr\/app\/produit\/joe-jean-bootcut-fente-w22-femme-bleu-clair\/","title":{"rendered":"Joe Jean Bootcut Fente (W22 \/ FEMME \/ Bleu Clair )"},"content":{"rendered":"<p><span data-mce-fragment=\"1\">Rencontrez JOE : le bootcut \u00e9l\u00e9gant avec d\u00e9tail en broderie &#8220;From Future&#8221; semi-cach\u00e9 sur la poche gauche. <\/span><span data-mce-fragment=\"1\">5 poches, taille haute, fermeture par bouton m\u00e9tallique, bas de jambes \u00e0 bords francs avec fentes sur le c\u00f4t\u00e9. Un bon basique que vous porterez toute l&#8217;ann\u00e9e.<\/span><\/p>\n","protected":false},"excerpt":{"rendered":"<p>Rencontrez JOE : le bootcut \u00e9l\u00e9gant avec d\u00e9tail en broderie &#8220;From Future&#8221; semi-cach\u00e9 sur la poche gauche. 5 poches, taille haute, fermeture par bouton m\u00e9tallique, bas de jambes \u00e0 bords francs avec fentes sur le c\u00f4t\u00e9. Un bon basique que vous porterez toute l&#8217;ann\u00e9e.<\/p>\n","protected":false},"featured_media":687971,"comment_status":"open","ping_status":"closed","template":"","meta":[],"product_brand":[6868],"product_cat":[1756,1762],"product_tag":[2244],"acf":[],"_links":{"self":[{"href":"https:\/\/streetmarkets.fr\/app\/wp-json\/wp\/v2\/product\/687970"}],"collection":[{"href":"https:\/\/streetmarkets.fr\/app\/wp-json\/wp\/v2\/product"}],"about":[{"href":"https:\/\/streetmarkets.fr\/app\/wp-json\/wp\/v2\/types\/product"}],"replies":[{"embeddable":true,"href":"https:\/\/streetmarkets.fr\/app\/wp-json\/wp\/v2\/comments?post=687970"}],"wp:featuredmedia":[{"embeddable":true,"href":"https:\/\/streetmarkets.fr\/app\/wp-json\/wp\/v2\/media\/687971"}],"wp:attachment":[{"href":"https:\/\/streetmarkets.fr\/app\/wp-json\/wp\/v2\/media?parent=687970"}],"wp:term":[{"taxonomy":"product_brand","embeddable":true,"href":"https:\/\/streetmarkets.fr\/app\/wp-json\/wp\/v2\/product_brand?post=687970"},{"taxonomy":"product_cat","embeddable":true,"href":"https:\/\/streetmarkets.fr\/app\/wp-json\/wp\/v2\/product_cat?post=687970"},{"taxonomy":"product_tag","embeddable":true,"href":"https:\/\/streetmarkets.fr\/app\/wp-json\/wp\/v2\/product_tag?post=687970"}],"curies":[{"name":"wp","href":"https:\/\/api.w.org\/{rel}","templated":true}]}}