{"id":687922,"date":"2024-10-14T15:32:15","date_gmt":"2024-10-14T13:32:15","guid":{"rendered":"https:\/\/streetmarkets.fr\/app\/produit\/johnny-jean-slim-fit-s22-femme-bleu-fonce\/"},"modified":"2025-03-15T01:02:39","modified_gmt":"2025-03-15T00:02:39","slug":"johnny-jean-slim-fit-s22-femme-bleu-fonce","status":"publish","type":"product","link":"https:\/\/streetmarkets.fr\/app\/produit\/johnny-jean-slim-fit-s22-femme-bleu-fonce\/","title":{"rendered":"JOHNNY Jean Slim Fit (S22 \/ FEMME \/ Bleu Fonc\u00e9)"},"content":{"rendered":"<p>Rencontrez Johnny : Notre jean slim fit avec broderie &#8220;From Future&#8221; semi-cach\u00e9e sur la poche gauche. Longueur moulante id\u00e9ale pour fuseler la silhouette, taille mi-haute.<span data-mce-fragment=\"1\"> <\/span><span data-mce-fragment=\"1\">Longueur 7\/8i\u00e8me.<\/span><\/p>\n","protected":false},"excerpt":{"rendered":"<p>Rencontrez Johnny : Notre jean slim fit avec broderie &#8220;From Future&#8221; semi-cach\u00e9e sur la poche gauche. Longueur moulante id\u00e9ale pour fuseler la silhouette, taille mi-haute. Longueur 7\/8i\u00e8me.<\/p>\n","protected":false},"featured_media":687923,"comment_status":"open","ping_status":"closed","template":"","meta":[],"product_brand":[6868],"product_cat":[1756,1762],"product_tag":[2244],"acf":[],"_links":{"self":[{"href":"https:\/\/streetmarkets.fr\/app\/wp-json\/wp\/v2\/product\/687922"}],"collection":[{"href":"https:\/\/streetmarkets.fr\/app\/wp-json\/wp\/v2\/product"}],"about":[{"href":"https:\/\/streetmarkets.fr\/app\/wp-json\/wp\/v2\/types\/product"}],"replies":[{"embeddable":true,"href":"https:\/\/streetmarkets.fr\/app\/wp-json\/wp\/v2\/comments?post=687922"}],"wp:featuredmedia":[{"embeddable":true,"href":"https:\/\/streetmarkets.fr\/app\/wp-json\/wp\/v2\/media\/687923"}],"wp:attachment":[{"href":"https:\/\/streetmarkets.fr\/app\/wp-json\/wp\/v2\/media?parent=687922"}],"wp:term":[{"taxonomy":"product_brand","embeddable":true,"href":"https:\/\/streetmarkets.fr\/app\/wp-json\/wp\/v2\/product_brand?post=687922"},{"taxonomy":"product_cat","embeddable":true,"href":"https:\/\/streetmarkets.fr\/app\/wp-json\/wp\/v2\/product_cat?post=687922"},{"taxonomy":"product_tag","embeddable":true,"href":"https:\/\/streetmarkets.fr\/app\/wp-json\/wp\/v2\/product_tag?post=687922"}],"curies":[{"name":"wp","href":"https:\/\/api.w.org\/{rel}","templated":true}]}}