{"id":687893,"date":"2024-10-14T15:32:14","date_gmt":"2024-10-14T13:32:14","guid":{"rendered":"https:\/\/streetmarkets.fr\/app\/produit\/jacob-jean-slim-fit-s22-homme-washed-black\/"},"modified":"2025-03-15T01:02:38","modified_gmt":"2025-03-15T00:02:38","slug":"jacob-jean-slim-fit-s22-homme-washed-black","status":"publish","type":"product","link":"https:\/\/streetmarkets.fr\/app\/produit\/jacob-jean-slim-fit-s22-homme-washed-black\/","title":{"rendered":"JACOB Jean Slim Fit (S22 \/ HOMME \/ Washed Black)"},"content":{"rendered":"<p>Tout savoir sur Jacob : Jean slim fit. Broderie FROM FUTURE semi-cach\u00e9e au niveau de la poche gauche. Jacron color\u00e9 \u00e0 l&#8217;arri\u00e8re. Fermeture par boutons sigl\u00e9s sur le devant.<\/p>\n","protected":false},"excerpt":{"rendered":"<p>Tout savoir sur Jacob : Jean slim fit. Broderie FROM FUTURE semi-cach\u00e9e au niveau de la poche gauche. Jacron color\u00e9 \u00e0 l&#8217;arri\u00e8re. Fermeture par boutons sigl\u00e9s sur le devant.<\/p>\n","protected":false},"featured_media":687894,"comment_status":"open","ping_status":"closed","template":"","meta":[],"product_brand":[6868],"product_cat":[1756,1758],"product_tag":[2244],"acf":[],"_links":{"self":[{"href":"https:\/\/streetmarkets.fr\/app\/wp-json\/wp\/v2\/product\/687893"}],"collection":[{"href":"https:\/\/streetmarkets.fr\/app\/wp-json\/wp\/v2\/product"}],"about":[{"href":"https:\/\/streetmarkets.fr\/app\/wp-json\/wp\/v2\/types\/product"}],"replies":[{"embeddable":true,"href":"https:\/\/streetmarkets.fr\/app\/wp-json\/wp\/v2\/comments?post=687893"}],"wp:featuredmedia":[{"embeddable":true,"href":"https:\/\/streetmarkets.fr\/app\/wp-json\/wp\/v2\/media\/687894"}],"wp:attachment":[{"href":"https:\/\/streetmarkets.fr\/app\/wp-json\/wp\/v2\/media?parent=687893"}],"wp:term":[{"taxonomy":"product_brand","embeddable":true,"href":"https:\/\/streetmarkets.fr\/app\/wp-json\/wp\/v2\/product_brand?post=687893"},{"taxonomy":"product_cat","embeddable":true,"href":"https:\/\/streetmarkets.fr\/app\/wp-json\/wp\/v2\/product_cat?post=687893"},{"taxonomy":"product_tag","embeddable":true,"href":"https:\/\/streetmarkets.fr\/app\/wp-json\/wp\/v2\/product_tag?post=687893"}],"curies":[{"name":"wp","href":"https:\/\/api.w.org\/{rel}","templated":true}]}}