{"id":687792,"date":"2024-10-14T01:46:02","date_gmt":"2024-10-13T23:46:02","guid":{"rendered":"https:\/\/streetmarkets.fr\/app\/produit\/beret-francais-bleu-blanc-rouge\/"},"modified":"2024-10-14T01:46:03","modified_gmt":"2024-10-13T23:46:03","slug":"beret-francais-bleu-blanc-rouge","status":"publish","type":"product","link":"https:\/\/streetmarkets.fr\/app\/produit\/beret-francais-bleu-blanc-rouge\/","title":{"rendered":"B\u00e9ret Fran\u00e7ais Bleu Blanc Rouge"},"content":{"rendered":"<p>Offrez-lui le vrai B\u00e9ret Fran\u00e7ais en laine m\u00e9rinos pour aller au stade. Il n\u2019a plus qu\u2019\u00e0 lui apprendre les paroles : Allez les Bleus !<\/p>\n<h3>Bleu, Blanc, Rouge, le B\u00e9ret c\u2019est Fran\u00e7ais !<\/h3>\n<p>Le b\u00e9ret fait partie du patrimoine de la France. Fabriqu\u00e9 en laine \u00e0 Bayonne dans le sud-ouest, il se d\u00e9cline en aujourd\u2019hui en marini\u00e8re et en fantaisie de couleur Bleu, Blanc, Rouge. Un bestseller qui pour sa simplicit\u00e9 permet d\u2019accompagner toutes les tenues, des plus &#8220;casuals&#8221; aux plus tendances afin d\u2019aller supporter l\u2019\u00e9quipe de France.<\/p>\n<h3>Focus sur le b\u00e9ret Fran\u00e7ais<\/h3>\n<p>Ce b\u00e9ret est 100% en laine m\u00e9rinos aux couleurs Bleu, Blanc et Rouge. Il est fabriqu\u00e9 en France \u00e0 Bayonne. D\u2019une taille unique, le plateau du b\u00e9ret est de 28 cm et il est l\u00e9g\u00e8rement \u00e9lastique pour convenir \u00e0 toutes les t\u00eates. Disponible dans diff\u00e9rentes versions, le b\u00e9ret classique va \u00e9gailler vos tenues toute l\u2019ann\u00e9e !<\/p>\n","protected":false},"excerpt":{"rendered":"<p>Offrez-lui le vrai B\u00e9ret Fran\u00e7ais en laine m\u00e9rinos pour aller au stade. Il n\u2019a plus qu\u2019\u00e0 lui apprendre les paroles : Allez les Bleus ! Bleu, Blanc, Rouge, le B\u00e9ret c\u2019est Fran\u00e7ais ! Le b\u00e9ret fait partie du patrimoine de la France. Fabriqu\u00e9 en laine \u00e0 Bayonne dans le sud-ouest, il se d\u00e9cline en aujourd\u2019hui [&hellip;]<\/p>\n","protected":false},"featured_media":687793,"comment_status":"open","ping_status":"closed","template":"","meta":[],"product_brand":[],"product_cat":[1756],"product_tag":[],"acf":[],"_links":{"self":[{"href":"https:\/\/streetmarkets.fr\/app\/wp-json\/wp\/v2\/product\/687792"}],"collection":[{"href":"https:\/\/streetmarkets.fr\/app\/wp-json\/wp\/v2\/product"}],"about":[{"href":"https:\/\/streetmarkets.fr\/app\/wp-json\/wp\/v2\/types\/product"}],"replies":[{"embeddable":true,"href":"https:\/\/streetmarkets.fr\/app\/wp-json\/wp\/v2\/comments?post=687792"}],"wp:featuredmedia":[{"embeddable":true,"href":"https:\/\/streetmarkets.fr\/app\/wp-json\/wp\/v2\/media\/687793"}],"wp:attachment":[{"href":"https:\/\/streetmarkets.fr\/app\/wp-json\/wp\/v2\/media?parent=687792"}],"wp:term":[{"taxonomy":"product_brand","embeddable":true,"href":"https:\/\/streetmarkets.fr\/app\/wp-json\/wp\/v2\/product_brand?post=687792"},{"taxonomy":"product_cat","embeddable":true,"href":"https:\/\/streetmarkets.fr\/app\/wp-json\/wp\/v2\/product_cat?post=687792"},{"taxonomy":"product_tag","embeddable":true,"href":"https:\/\/streetmarkets.fr\/app\/wp-json\/wp\/v2\/product_tag?post=687792"}],"curies":[{"name":"wp","href":"https:\/\/api.w.org\/{rel}","templated":true}]}}