{"id":687780,"date":"2024-10-14T01:45:58","date_gmt":"2024-10-13T23:45:58","guid":{"rendered":"https:\/\/streetmarkets.fr\/app\/produit\/carre-de-soie-la-belle-dame-cadeau-femme-elegante\/"},"modified":"2024-10-14T01:46:01","modified_gmt":"2024-10-13T23:46:01","slug":"carre-de-soie-la-belle-dame-cadeau-femme-elegante","status":"publish","type":"product","link":"https:\/\/streetmarkets.fr\/app\/produit\/carre-de-soie-la-belle-dame-cadeau-femme-elegante\/","title":{"rendered":"Carr\u00e9 de Soie La Belle Dame | Cadeau Femme \u00c9l\u00e9gante"},"content":{"rendered":"<p>Un magnifique papillon dans un d\u00e9cor art-d\u00e9co ! La Belle Dame, c\u2019est le foulard en soie insolite, dessin\u00e9 par Antan Cr\u00e9ation pour r\u00e9ussir son cadeau femme<\/p>\n<h2>Offrez un cadeau insolite avec le Carr\u00e9 en soie La Belle Dame<\/h2>\n<h3>Un Papillon en\u00a0autour du cou, c\u2019est le cadeau Art-d\u00e9co\u00a0!<\/h3>\n<p>Dans un d\u00e9cor Art d\u00e9co, ce foulard en soie, en forme de carr\u00e9, r\u00e9v\u00e8le un magnifique papillon dessin\u00e9 par les studios d\u2019ANTA Cr\u00e9ations. La Belle Dame se porte en toute saison et va donner un style moderne-chic qui ne va pas la laisser indiff\u00e9rente d\u00e8s qu\u2019elle ouvrira ce magnifique cadeau femme. La marque r\u00e9ussit \u00e0 moderniser les foulards et carr\u00e9s en soie pour en faire l\u2019accessoire \u00e9l\u00e9gant autour du cou.<\/p>\n<h3>ANTAN Cr\u00e9ations d\u00e9cline le foulard La Belle Dame en trois tailles<\/h3>\n<p>La Belle Dame est une cr\u00e9ation d\u2019ANTAN dessin\u00e9 en France pr\u00e8s de Lille puis fabriqu\u00e9 et imprim\u00e9 par des artisans en Italie. Ce savoir-faire unique pour cr\u00e9er cet accessoire tendance se d\u00e9cline ce mod\u00e8le en grand carr\u00e9 de 100&#215;100 cm ou dans un format plus petit de 50&#215;50 cm. On retrouve aussi le La Belle Dame en format \u00ab\u00a0bandeau\u00a0\u00bb pour le cou ou pour donner du style \u00e0 votre coupe de cheveux.<\/p>\n<h2>Conseil d\u2019Antan Cr\u00e9ations pour l\u2019entretenir cette Belle Dame en Soie<\/h2>\n<p>Le foulard en soie La Belle Dame doit \u00eatre entretenu avec soin et d\u00e9licatesse. Pour laver votre foulard ANTAN Cr\u00e9ations, c\u2019est facile et simple. Ces foulards en soie passent \u00e0 la machine en cycle doux et surtout sans essorage. Faite le ensuite s\u00e9cher \u00e0 l\u2019air libre en \u00e9vitant de l\u2019exposer \u00e0 la lumi\u00e8re naturelle pour ne pas l\u2019abimer et d\u00e9colorer le tissu Orange et Bleu. Ensuite vous pouvez le repasser au fer \u00e0 basse temp\u00e9rature en veillant \u00e0 utiliser beaucoup de vapeur afin de ne pas endommager les fibres de la soie. \u00c0 vous de jouer !<\/p>\n<h2>La Belle Dame, le carr\u00e9 en soie chic pour un cadeau qui va marquer<\/h2>\n<p>Voil\u00e0 une valeur s\u00fbre pour r\u00e9ussir le cadeau femme parfait. On adore ce papillon qui vole dans un d\u00e9cor Art-D\u00e9co tr\u00e8s fluide. La Belle Dame donne un coup de jeune au carr\u00e9 de soie, c\u2019est parfait pour sa garde-robe !<\/p>\n","protected":false},"excerpt":{"rendered":"<p>Un magnifique papillon dans un d\u00e9cor art-d\u00e9co ! La Belle Dame, c\u2019est le foulard en soie insolite, dessin\u00e9 par Antan Cr\u00e9ation pour r\u00e9ussir son cadeau femme Offrez un cadeau insolite avec le Carr\u00e9 en soie La Belle Dame Un Papillon en\u00a0autour du cou, c\u2019est le cadeau Art-d\u00e9co\u00a0! Dans un d\u00e9cor Art d\u00e9co, ce foulard en [&hellip;]<\/p>\n","protected":false},"featured_media":687781,"comment_status":"open","ping_status":"closed","template":"","meta":[],"product_brand":[],"product_cat":[1756],"product_tag":[],"acf":[],"_links":{"self":[{"href":"https:\/\/streetmarkets.fr\/app\/wp-json\/wp\/v2\/product\/687780"}],"collection":[{"href":"https:\/\/streetmarkets.fr\/app\/wp-json\/wp\/v2\/product"}],"about":[{"href":"https:\/\/streetmarkets.fr\/app\/wp-json\/wp\/v2\/types\/product"}],"replies":[{"embeddable":true,"href":"https:\/\/streetmarkets.fr\/app\/wp-json\/wp\/v2\/comments?post=687780"}],"wp:featuredmedia":[{"embeddable":true,"href":"https:\/\/streetmarkets.fr\/app\/wp-json\/wp\/v2\/media\/687781"}],"wp:attachment":[{"href":"https:\/\/streetmarkets.fr\/app\/wp-json\/wp\/v2\/media?parent=687780"}],"wp:term":[{"taxonomy":"product_brand","embeddable":true,"href":"https:\/\/streetmarkets.fr\/app\/wp-json\/wp\/v2\/product_brand?post=687780"},{"taxonomy":"product_cat","embeddable":true,"href":"https:\/\/streetmarkets.fr\/app\/wp-json\/wp\/v2\/product_cat?post=687780"},{"taxonomy":"product_tag","embeddable":true,"href":"https:\/\/streetmarkets.fr\/app\/wp-json\/wp\/v2\/product_tag?post=687780"}],"curies":[{"name":"wp","href":"https:\/\/api.w.org\/{rel}","templated":true}]}}