{"id":678585,"date":"2024-10-13T21:31:26","date_gmt":"2024-10-13T19:31:26","guid":{"rendered":"https:\/\/streetmarkets.fr\/app\/produit\/parka-technique-vert-olive\/"},"modified":"2026-05-03T04:31:02","modified_gmt":"2026-05-03T02:31:02","slug":"parka-technique-vert-olive","status":"publish","type":"product","link":"https:\/\/streetmarkets.fr\/app\/produit\/parka-technique-vert-olive\/","title":{"rendered":"Parka technique vert olive"},"content":{"rendered":"<p><span data-mce-fragment=\"1\">D\u00e9couvrez notre nouvelle parka version hiver. Une alchimie parfaite entre r\u00e9sistance au vent et \u00e0 la pluie gr\u00e2ce \u00e0 son tissu technique. Pour vous garder au chaud, nous l&#8217;avons enti\u00e8rement doubl\u00e9 de polaire de laine. Cot\u00e9 pratique,\u00a0deux poches zipp\u00e9es pour garder vos affaires au sec, une poche int\u00e9rieure pour les objects de valeur et une capuche pour braver les intemp\u00e9ries.<\/span><\/p>\n","protected":false},"excerpt":{"rendered":"<p>D\u00e9couvrez notre nouvelle parka version hiver. Une alchimie parfaite entre r\u00e9sistance au vent et \u00e0 la pluie gr\u00e2ce \u00e0 son tissu technique. Pour vous garder au chaud, nous l&#8217;avons enti\u00e8rement doubl\u00e9 de polaire de laine. Cot\u00e9 pratique,\u00a0deux poches zipp\u00e9es pour garder vos affaires au sec, une poche int\u00e9rieure pour les objects de valeur et une [&hellip;]<\/p>\n","protected":false},"featured_media":678586,"comment_status":"open","ping_status":"closed","template":"","meta":[],"product_brand":[],"product_cat":[1756,1760],"product_tag":[1810],"acf":[],"_links":{"self":[{"href":"https:\/\/streetmarkets.fr\/app\/wp-json\/wp\/v2\/product\/678585"}],"collection":[{"href":"https:\/\/streetmarkets.fr\/app\/wp-json\/wp\/v2\/product"}],"about":[{"href":"https:\/\/streetmarkets.fr\/app\/wp-json\/wp\/v2\/types\/product"}],"replies":[{"embeddable":true,"href":"https:\/\/streetmarkets.fr\/app\/wp-json\/wp\/v2\/comments?post=678585"}],"wp:featuredmedia":[{"embeddable":true,"href":"https:\/\/streetmarkets.fr\/app\/wp-json\/wp\/v2\/media\/678586"}],"wp:attachment":[{"href":"https:\/\/streetmarkets.fr\/app\/wp-json\/wp\/v2\/media?parent=678585"}],"wp:term":[{"taxonomy":"product_brand","embeddable":true,"href":"https:\/\/streetmarkets.fr\/app\/wp-json\/wp\/v2\/product_brand?post=678585"},{"taxonomy":"product_cat","embeddable":true,"href":"https:\/\/streetmarkets.fr\/app\/wp-json\/wp\/v2\/product_cat?post=678585"},{"taxonomy":"product_tag","embeddable":true,"href":"https:\/\/streetmarkets.fr\/app\/wp-json\/wp\/v2\/product_tag?post=678585"}],"curies":[{"name":"wp","href":"https:\/\/api.w.org\/{rel}","templated":true}]}}