{"id":678558,"date":"2024-10-13T21:31:04","date_gmt":"2024-10-13T19:31:04","guid":{"rendered":"https:\/\/streetmarkets.fr\/app\/produit\/gilet-sans-manches-anthracite\/"},"modified":"2026-05-10T04:31:00","modified_gmt":"2026-05-10T02:31:00","slug":"gilet-sans-manches-anthracite","status":"publish","type":"product","link":"https:\/\/streetmarkets.fr\/app\/produit\/gilet-sans-manches-anthracite\/","title":{"rendered":"Gilet sans manches anthracite"},"content":{"rendered":"<p>D\u00e9couvrez notre nouveau gilet sans manche version hiver. Une alchimie parfaite entre r\u00e9sistance au vent et \u00e0 la pluie gr\u00e2ce \u00e0 son tissu technique. Pour vous garder au chaud, nous l&#8217;avons enti\u00e8rement doubl\u00e9 de polaire de laine. Cot\u00e9 pratique,\u00a0deux poches\u00a0\u00e0 fermeture \u00e0 pression pour garder vos affaires au sec, une poche int\u00e9rieure pour les objects de valeur.\u00a0<\/p>\n","protected":false},"excerpt":{"rendered":"<p>D\u00e9couvrez notre nouveau gilet sans manche version hiver. Une alchimie parfaite entre r\u00e9sistance au vent et \u00e0 la pluie gr\u00e2ce \u00e0 son tissu technique. Pour vous garder au chaud, nous l&#8217;avons enti\u00e8rement doubl\u00e9 de polaire de laine. Cot\u00e9 pratique,\u00a0deux poches\u00a0\u00e0 fermeture \u00e0 pression pour garder vos affaires au sec, une poche int\u00e9rieure pour les objects [&hellip;]<\/p>\n","protected":false},"featured_media":678559,"comment_status":"open","ping_status":"closed","template":"","meta":[],"product_brand":[],"product_cat":[1756,1760],"product_tag":[1810],"acf":[],"_links":{"self":[{"href":"https:\/\/streetmarkets.fr\/app\/wp-json\/wp\/v2\/product\/678558"}],"collection":[{"href":"https:\/\/streetmarkets.fr\/app\/wp-json\/wp\/v2\/product"}],"about":[{"href":"https:\/\/streetmarkets.fr\/app\/wp-json\/wp\/v2\/types\/product"}],"replies":[{"embeddable":true,"href":"https:\/\/streetmarkets.fr\/app\/wp-json\/wp\/v2\/comments?post=678558"}],"wp:featuredmedia":[{"embeddable":true,"href":"https:\/\/streetmarkets.fr\/app\/wp-json\/wp\/v2\/media\/678559"}],"wp:attachment":[{"href":"https:\/\/streetmarkets.fr\/app\/wp-json\/wp\/v2\/media?parent=678558"}],"wp:term":[{"taxonomy":"product_brand","embeddable":true,"href":"https:\/\/streetmarkets.fr\/app\/wp-json\/wp\/v2\/product_brand?post=678558"},{"taxonomy":"product_cat","embeddable":true,"href":"https:\/\/streetmarkets.fr\/app\/wp-json\/wp\/v2\/product_cat?post=678558"},{"taxonomy":"product_tag","embeddable":true,"href":"https:\/\/streetmarkets.fr\/app\/wp-json\/wp\/v2\/product_tag?post=678558"}],"curies":[{"name":"wp","href":"https:\/\/api.w.org\/{rel}","templated":true}]}}